{"id":53,"date":"2014-05-09T15:14:06","date_gmt":"2014-05-09T13:14:06","guid":{"rendered":"http:\/\/localhost\/bock\/wp\/?page_id=53"},"modified":"2025-12-11T16:11:55","modified_gmt":"2025-12-11T14:11:55","slug":"service","status":"publish","type":"page","link":"https:\/\/www.bockgmbh.de\/cms\/service\/","title":{"rendered":"Service"},"content":{"rendered":"<p style=\"text-align: center;\"><a href=\"https:\/\/service.bockgmbh.de\" target=\"_blank\" rel=\"noopener noreferrer\"><img loading=\"lazy\" decoding=\"async\" class=\"aligncenter wp-image-204 size-medium\" src=\"http:\/\/www.bockgmbh.de\/cms\/wp-content\/uploads\/2014\/05\/Kundenportal1-300x200.png\" alt=\"\" width=\"300\" height=\"200\" \/><\/a><\/p>\n<p style=\"text-align: center;\"><span style=\"color: #000000;\">In unserem Kundenportal haben Sie die M\u00f6glichkeit Z\u00e4hlerst\u00e4nde zu melden, Verbrauchsmaterial zu bestellen und haben immer den \u00dcberblick \u00fcber den Status Ihrer in Auftrag gegebenen Serviceauftr\u00e4ge.<\/span><\/p>\n<hr \/>\n<p style=\"text-align: center;\"><a href=\"https:\/\/get.teamviewer.com\/bockgmbh\" target=\"_blank\" rel=\"noopener noreferrer\"><img loading=\"lazy\" decoding=\"async\" class=\"aligncenter wp-image-206 size-medium\" src=\"http:\/\/www.bockgmbh.de\/cms\/wp-content\/uploads\/2014\/05\/fernwartung-300x200.png\" width=\"300\" height=\"200\" \/><\/a><\/p>\n<p style=\"text-align: center;\"><span style=\"color: #000000;\">Auch wenn wir mal nicht gleich da sein k\u00f6nnen,<\/span><br style=\"color: #000000;\" \/><span style=\"color: #000000;\">sind wir aus der Ferne vor Ort!<\/span><\/p>\n<p>&nbsp;<\/p>\n<p style=\"text-align: center;\"><br style=\"color: #000000;\" \/><a style=\"color: #000000;\" href=\"\/cms\/kontakt\">Fragen Sie uns<\/a><span style=\"color: #000000;\">!\u00a0<a href=\"\/cms\/kontakt\">Kontakt<\/a><\/span><\/p>\n","protected":false},"excerpt":{"rendered":"<p>In unserem Kundenportal haben Sie die M\u00f6glichkeit Z\u00e4hlerst\u00e4nde zu melden, Verbrauchsmaterial zu bestellen und haben immer den \u00dcberblick \u00fcber den Status Ihrer in Auftrag gegebenen Serviceauftr\u00e4ge. Auch wenn wir mal nicht gleich da sein k\u00f6nnen,sind&#8230;<\/p>\n","protected":false},"author":3,"featured_media":0,"parent":0,"menu_order":0,"comment_status":"closed","ping_status":"closed","template":"","meta":{"footnotes":""},"class_list":["post-53","page","type-page","status-publish","hentry"],"yoast_head":"<!-- This site is optimized with the Yoast SEO plugin v27.5 - https:\/\/yoast.com\/product\/yoast-seo-wordpress\/ -->\n<title>Service<\/title>\n<meta name=\"robots\" content=\"index, follow, max-snippet:-1, max-image-preview:large, max-video-preview:-1\" \/>\n<link rel=\"canonical\" href=\"https:\/\/www.bockgmbh.de\/cms\/service\/\" \/>\n<meta property=\"og:locale\" content=\"de_DE\" \/>\n<meta property=\"og:type\" content=\"article\" \/>\n<meta property=\"og:title\" content=\"Service\" \/>\n<meta property=\"og:description\" content=\"In unserem Kundenportal haben Sie die M\u00f6glichkeit Z\u00e4hlerst\u00e4nde zu melden, Verbrauchsmaterial zu bestellen und haben immer den \u00dcberblick \u00fcber den Status Ihrer in Auftrag gegebenen Serviceauftr\u00e4ge. Auch wenn wir mal nicht gleich da sein k\u00f6nnen,sind...\" \/>\n<meta property=\"og:url\" content=\"https:\/\/www.bockgmbh.de\/cms\/service\/\" \/>\n<meta property=\"og:site_name\" content=\"www.bockgmbh.de\" \/>\n<meta property=\"article:modified_time\" content=\"2025-12-11T14:11:55+00:00\" \/>\n<meta property=\"og:image\" content=\"https:\/\/www.bockgmbh.de\/cms\/wp-content\/uploads\/2014\/05\/Kundenportal1.png\" \/>\n\t<meta property=\"og:image:width\" content=\"300\" \/>\n\t<meta property=\"og:image:height\" content=\"200\" \/>\n\t<meta property=\"og:image:type\" content=\"image\/png\" \/>\n<meta name=\"twitter:label1\" content=\"Gesch\u00e4tzte Lesezeit\" \/>\n\t<meta name=\"twitter:data1\" content=\"1\u00a0Minute\" \/>\n<script type=\"application\/ld+json\" class=\"yoast-schema-graph\">{\"@context\":\"https:\\\/\\\/schema.org\",\"@graph\":[{\"@type\":\"WebPage\",\"@id\":\"https:\\\/\\\/www.bockgmbh.de\\\/cms\\\/service\\\/\",\"url\":\"https:\\\/\\\/www.bockgmbh.de\\\/cms\\\/service\\\/\",\"name\":\"Service\",\"isPartOf\":{\"@id\":\"https:\\\/\\\/www.bockgmbh.de\\\/cms\\\/#website\"},\"primaryImageOfPage\":{\"@id\":\"https:\\\/\\\/www.bockgmbh.de\\\/cms\\\/service\\\/#primaryimage\"},\"image\":{\"@id\":\"https:\\\/\\\/www.bockgmbh.de\\\/cms\\\/service\\\/#primaryimage\"},\"thumbnailUrl\":\"http:\\\/\\\/www.bockgmbh.de\\\/cms\\\/wp-content\\\/uploads\\\/2014\\\/05\\\/Kundenportal1-300x200.png\",\"datePublished\":\"2014-05-09T13:14:06+00:00\",\"dateModified\":\"2025-12-11T14:11:55+00:00\",\"breadcrumb\":{\"@id\":\"https:\\\/\\\/www.bockgmbh.de\\\/cms\\\/service\\\/#breadcrumb\"},\"inLanguage\":\"de\",\"potentialAction\":[{\"@type\":\"ReadAction\",\"target\":[\"https:\\\/\\\/www.bockgmbh.de\\\/cms\\\/service\\\/\"]}]},{\"@type\":\"ImageObject\",\"inLanguage\":\"de\",\"@id\":\"https:\\\/\\\/www.bockgmbh.de\\\/cms\\\/service\\\/#primaryimage\",\"url\":\"http:\\\/\\\/www.bockgmbh.de\\\/cms\\\/wp-content\\\/uploads\\\/2014\\\/05\\\/Kundenportal1-300x200.png\",\"contentUrl\":\"http:\\\/\\\/www.bockgmbh.de\\\/cms\\\/wp-content\\\/uploads\\\/2014\\\/05\\\/Kundenportal1-300x200.png\"},{\"@type\":\"BreadcrumbList\",\"@id\":\"https:\\\/\\\/www.bockgmbh.de\\\/cms\\\/service\\\/#breadcrumb\",\"itemListElement\":[{\"@type\":\"ListItem\",\"position\":1,\"name\":\"Home\",\"item\":\"https:\\\/\\\/www.bockgmbh.de\\\/cms\\\/\"},{\"@type\":\"ListItem\",\"position\":2,\"name\":\"Service\"}]},{\"@type\":\"WebSite\",\"@id\":\"https:\\\/\\\/www.bockgmbh.de\\\/cms\\\/#website\",\"url\":\"https:\\\/\\\/www.bockgmbh.de\\\/cms\\\/\",\"name\":\"www.bockgmbh.de\",\"description\":\"b\u00fcroorganisation GmbH\",\"potentialAction\":[{\"@type\":\"SearchAction\",\"target\":{\"@type\":\"EntryPoint\",\"urlTemplate\":\"https:\\\/\\\/www.bockgmbh.de\\\/cms\\\/?s={search_term_string}\"},\"query-input\":{\"@type\":\"PropertyValueSpecification\",\"valueRequired\":true,\"valueName\":\"search_term_string\"}}],\"inLanguage\":\"de\"}]}<\/script>\n<!-- \/ Yoast SEO plugin. -->","yoast_head_json":{"title":"Service","robots":{"index":"index","follow":"follow","max-snippet":"max-snippet:-1","max-image-preview":"max-image-preview:large","max-video-preview":"max-video-preview:-1"},"canonical":"https:\/\/www.bockgmbh.de\/cms\/service\/","og_locale":"de_DE","og_type":"article","og_title":"Service","og_description":"In unserem Kundenportal haben Sie die M\u00f6glichkeit Z\u00e4hlerst\u00e4nde zu melden, Verbrauchsmaterial zu bestellen und haben immer den \u00dcberblick \u00fcber den Status Ihrer in Auftrag gegebenen Serviceauftr\u00e4ge. Auch wenn wir mal nicht gleich da sein k\u00f6nnen,sind...","og_url":"https:\/\/www.bockgmbh.de\/cms\/service\/","og_site_name":"www.bockgmbh.de","article_modified_time":"2025-12-11T14:11:55+00:00","og_image":[{"width":300,"height":200,"url":"https:\/\/www.bockgmbh.de\/cms\/wp-content\/uploads\/2014\/05\/Kundenportal1.png","type":"image\/png"}],"twitter_misc":{"Gesch\u00e4tzte Lesezeit":"1\u00a0Minute"},"schema":{"@context":"https:\/\/schema.org","@graph":[{"@type":"WebPage","@id":"https:\/\/www.bockgmbh.de\/cms\/service\/","url":"https:\/\/www.bockgmbh.de\/cms\/service\/","name":"Service","isPartOf":{"@id":"https:\/\/www.bockgmbh.de\/cms\/#website"},"primaryImageOfPage":{"@id":"https:\/\/www.bockgmbh.de\/cms\/service\/#primaryimage"},"image":{"@id":"https:\/\/www.bockgmbh.de\/cms\/service\/#primaryimage"},"thumbnailUrl":"http:\/\/www.bockgmbh.de\/cms\/wp-content\/uploads\/2014\/05\/Kundenportal1-300x200.png","datePublished":"2014-05-09T13:14:06+00:00","dateModified":"2025-12-11T14:11:55+00:00","breadcrumb":{"@id":"https:\/\/www.bockgmbh.de\/cms\/service\/#breadcrumb"},"inLanguage":"de","potentialAction":[{"@type":"ReadAction","target":["https:\/\/www.bockgmbh.de\/cms\/service\/"]}]},{"@type":"ImageObject","inLanguage":"de","@id":"https:\/\/www.bockgmbh.de\/cms\/service\/#primaryimage","url":"http:\/\/www.bockgmbh.de\/cms\/wp-content\/uploads\/2014\/05\/Kundenportal1-300x200.png","contentUrl":"http:\/\/www.bockgmbh.de\/cms\/wp-content\/uploads\/2014\/05\/Kundenportal1-300x200.png"},{"@type":"BreadcrumbList","@id":"https:\/\/www.bockgmbh.de\/cms\/service\/#breadcrumb","itemListElement":[{"@type":"ListItem","position":1,"name":"Home","item":"https:\/\/www.bockgmbh.de\/cms\/"},{"@type":"ListItem","position":2,"name":"Service"}]},{"@type":"WebSite","@id":"https:\/\/www.bockgmbh.de\/cms\/#website","url":"https:\/\/www.bockgmbh.de\/cms\/","name":"www.bockgmbh.de","description":"b\u00fcroorganisation GmbH","potentialAction":[{"@type":"SearchAction","target":{"@type":"EntryPoint","urlTemplate":"https:\/\/www.bockgmbh.de\/cms\/?s={search_term_string}"},"query-input":{"@type":"PropertyValueSpecification","valueRequired":true,"valueName":"search_term_string"}}],"inLanguage":"de"}]}},"_links":{"self":[{"href":"https:\/\/www.bockgmbh.de\/cms\/wp-json\/wp\/v2\/pages\/53","targetHints":{"allow":["GET"]}}],"collection":[{"href":"https:\/\/www.bockgmbh.de\/cms\/wp-json\/wp\/v2\/pages"}],"about":[{"href":"https:\/\/www.bockgmbh.de\/cms\/wp-json\/wp\/v2\/types\/page"}],"author":[{"embeddable":true,"href":"https:\/\/www.bockgmbh.de\/cms\/wp-json\/wp\/v2\/users\/3"}],"replies":[{"embeddable":true,"href":"https:\/\/www.bockgmbh.de\/cms\/wp-json\/wp\/v2\/comments?post=53"}],"version-history":[{"count":18,"href":"https:\/\/www.bockgmbh.de\/cms\/wp-json\/wp\/v2\/pages\/53\/revisions"}],"predecessor-version":[{"id":2206,"href":"https:\/\/www.bockgmbh.de\/cms\/wp-json\/wp\/v2\/pages\/53\/revisions\/2206"}],"wp:attachment":[{"href":"https:\/\/www.bockgmbh.de\/cms\/wp-json\/wp\/v2\/media?parent=53"}],"curies":[{"name":"wp","href":"https:\/\/api.w.org\/{rel}","templated":true}]}}