{"id":49,"date":"2014-05-09T15:13:36","date_gmt":"2014-05-09T13:13:36","guid":{"rendered":"http:\/\/localhost\/bock\/wp\/?page_id=49"},"modified":"2023-07-10T08:49:42","modified_gmt":"2023-07-10T06:49:42","slug":"praesentieren","status":"publish","type":"page","link":"https:\/\/www.bockgmbh.de\/cms\/praesentieren\/","title":{"rendered":"Pr\u00e4sentieren"},"content":{"rendered":"<h3>Erfolgreich pr\u00e4sentieren: Begeistern Sie Ihre Zuh\u00f6rer!<\/h3>\n<p>Sie wollen Ihre Zuh\u00f6rer nicht blo\u00df \u00fcberreden \u2013 Sie wollen sie begeistern und von Ihrer Sache \u00fcberzeugen. Das notwendige Handwerkszeug daf\u00fcr bringen Sie mit, um die technische Ausstattung k\u00fcmmern wir uns!<br \/>\nWir verhelfen Ihnen zum perfekten Auftritt: Ob im Tagungsraum, dem Schulungszentrum oder auf der gro\u00dfen Eventb\u00fchne; unabh\u00e4ngig davon ob Sie mit digitalem Whiteboard oder einem interaktiven Beamer pr\u00e4sentieren \u2013 wir bieten Ihnen innovative und passgenaue L\u00f6sungskonzepte, mit denen Sie Ihren Zuh\u00f6rern langfristig im Ged\u00e4chtnis bleiben. Selbstverst\u00e4ndlich erhalten Sie von der technischen Planung bis hin zur l\u00fcckenlosen Installation auf Wunsch alle relevanten Leistungen aus einer Hand.<br \/>\nSie m\u00f6chten wissen, wie Sie Ihre Pr\u00e4sentationen noch erfolgreicher gestalten k\u00f6nnen? Wir verraten es Ihnen!\u00a0<a href=\"\/cms\/kontakt\">Kontakt<\/a><\/p>\n<h3>Individuelle Konzepte: Die richtige Technik f\u00fcr Ihre Anforderungen<\/h3>\n<p>Klein, leistungsstark, transportabel \u2013 wenn Sie viel unterwegs sind und Wert auf ein hohes Ma\u00df an Mobilit\u00e4t legen, haben wir genau den richtigen Beamer f\u00fcr Sie. Oder m\u00f6chten Sie einen gro\u00dfen und besonders hellen Raum technisch aufwerten? Dann empfehlen wir Ihnen gerne ein leistungsstarkes Modell mit einer hohen Lichtleistung. Vielleicht haben Sie aber auch das Problem, dass Ihr Pr\u00e4sentationsraum \u00fcber eine geringe Deckenh\u00f6he verf\u00fcgt? Eine effiziente L\u00f6sung in diesem Fall ist ein Nahdistanzbeamer, der bereits aus wenigen Zentimetern Entfernung ein mehrere Meter gro\u00dfes Bild projizieren kann. Besonders lebendige Vortr\u00e4ge realisieren Sie zudem mit einem interaktiven Beamer! Hier k\u00f6nnen Sie Ihre Pr\u00e4sentation live bearbeiten und die Ergebnisse anschlie\u00dfend ausdrucken oder per E-Mail an die Teilnehmer verschicken.<br \/>\nWir entwickeln f\u00fcr Sie mit Leidenschaft passgenaue Konzepte auf Basis Ihrer individuellen Anforderungen. Welche r\u00e4umlichen Voraussetzungen sind gegeben? Vor wie vielen Zuh\u00f6rern pr\u00e4sentieren Sie Ihre Inhalte? Welche technische Ausstattung bringt Sie und Ihren Vortrag wirklich nach vorne? Wir beraten Sie bei der Auswahl sinnvoller Hilfsmittel und sagen Ihnen, worauf Sie achten sollten.\u00a0<a href=\"\/cms\/kontakt\">Kontakt<\/a><\/p>\n<h3>Profitieren Sie von unserer Erfahrung<\/h3>\n<p>Selbstverst\u00e4ndlich profitieren Sie auch bei der Umsetzung von unserer langj\u00e4hrigen Erfahrung. Ein Beispiel? Gerade in gr\u00f6\u00dferen Pr\u00e4sentationsr\u00e4umen sind Akustik, Licht- und Sichtverh\u00e4ltnisse nicht \u00fcberall gleich. Deshalb pr\u00fcfen wir vorab im Praxistest unter anderem, welche Lichtleistung der Beamer haben muss und welche Leinwandgr\u00f6\u00dfe Sie ben\u00f6tigen. Zudem checken wir die Mikrofon-Lautst\u00e4rke sowie die Position der Lautsprecher und stellen so sicher, dass Ihre Pr\u00e4sentation auf jedem einzelnen Sitzplatz optimal zur Geltung kommt. Wir sorgen f\u00fcr die optimalen Rahmenbedingungen, w\u00e4hrend Sie sich auf Ihren Vortrag konzentrieren k\u00f6nnen!\u00a0<a href=\"\/cms\/kontakt\">Kontakt<\/a><\/p>\n<h3>Unser Partner<\/h3>\n<p><img loading=\"lazy\" decoding=\"async\" class=\"alignnone wp-image-1806 size-medium\" src=\"https:\/\/www.bockgmbh.de\/cms\/wp-content\/uploads\/Web-300x105.jpg\" alt=\"\" width=\"300\" height=\"105\" srcset=\"https:\/\/www.bockgmbh.de\/cms\/wp-content\/uploads\/Web-300x105.jpg 300w, https:\/\/www.bockgmbh.de\/cms\/wp-content\/uploads\/Web.jpg 616w\" sizes=\"auto, (max-width: 300px) 100vw, 300px\" \/><\/p>\n<p>&nbsp;<\/p>\n<ul>\n<li>Epson 3LCD-Technologie und Farbhelligkeit:\u00a0<a href=\"http:\/\/www.epson.de\/farbhelligkeit\">www.epson.de\/farbhelligkeit<\/a><\/li>\n<li>Epson iProjection-Seite:\u00a0<a href=\"http:\/\/www.epson.de\/iprojection\">www.epson.de\/iprojection<\/a><\/li>\n<li>Epson L\u00f6sungen f\u00fcr das Bildungswesen:\u00a0<a href=\"http:\/\/www.epson.de\/bildungswesen\">www.epson.de\/bildungswesen<\/a><\/li>\n<li>Epson Projektoren Software:\u00a0<a href=\"http:\/\/www.epson.de\/projektor-software\">www.epson.de\/projektor-software<\/a><\/li>\n<li>Epson Leinwand- und Lichtrechner:\u00a0<a href=\"https:\/\/support.epson-europe.com\/TDC\/ThrowDistanceCalculatorDE\/\">https:\/\/support.epson-europe.com\/TDC\/ThrowDistanceCalculatorDE\/<\/a><\/li>\n<\/ul>\n","protected":false},"excerpt":{"rendered":"<p>Erfolgreich pr\u00e4sentieren: Begeistern Sie Ihre Zuh\u00f6rer! Sie wollen Ihre Zuh\u00f6rer nicht blo\u00df \u00fcberreden \u2013 Sie wollen sie begeistern und von Ihrer Sache \u00fcberzeugen. Das notwendige Handwerkszeug daf\u00fcr bringen Sie mit, um die technische Ausstattung k\u00fcmmern&#8230;<\/p>\n","protected":false},"author":3,"featured_media":0,"parent":0,"menu_order":0,"comment_status":"closed","ping_status":"closed","template":"","meta":{"footnotes":""},"class_list":["post-49","page","type-page","status-publish","hentry"],"yoast_head":"<!-- This site is optimized with the Yoast SEO plugin v27.4 - https:\/\/yoast.com\/product\/yoast-seo-wordpress\/ -->\n<title>Perfekter Auftritt | Pr\u00e4sentationstechnik bei bock B\u00fcroorganisation<\/title>\n<meta name=\"description\" content=\"Zuh\u00f6rer begeistern \u221a Erfolgreich mit Pr\u00e4sentationstechnik von bock B\u00fcroorganisation.\" \/>\n<meta name=\"robots\" content=\"index, follow, max-snippet:-1, max-image-preview:large, max-video-preview:-1\" \/>\n<link rel=\"canonical\" href=\"https:\/\/www.bockgmbh.de\/cms\/praesentieren\/\" \/>\n<meta property=\"og:locale\" content=\"de_DE\" \/>\n<meta property=\"og:type\" content=\"article\" \/>\n<meta property=\"og:title\" content=\"Perfekter Auftritt | Pr\u00e4sentationstechnik bei bock B\u00fcroorganisation\" \/>\n<meta property=\"og:description\" content=\"Zuh\u00f6rer begeistern \u221a Erfolgreich mit Pr\u00e4sentationstechnik von bock B\u00fcroorganisation.\" \/>\n<meta property=\"og:url\" content=\"https:\/\/www.bockgmbh.de\/cms\/praesentieren\/\" \/>\n<meta property=\"og:site_name\" content=\"www.bockgmbh.de\" \/>\n<meta property=\"article:modified_time\" content=\"2023-07-10T06:49:42+00:00\" \/>\n<meta property=\"og:image\" content=\"https:\/\/www.bockgmbh.de\/cms\/wp-content\/uploads\/Web-300x105.jpg\" \/>\n<meta name=\"twitter:label1\" content=\"Gesch\u00e4tzte Lesezeit\" \/>\n\t<meta name=\"twitter:data1\" content=\"3\u00a0Minuten\" \/>\n<script type=\"application\/ld+json\" class=\"yoast-schema-graph\">{\"@context\":\"https:\\\/\\\/schema.org\",\"@graph\":[{\"@type\":\"WebPage\",\"@id\":\"https:\\\/\\\/www.bockgmbh.de\\\/cms\\\/praesentieren\\\/\",\"url\":\"https:\\\/\\\/www.bockgmbh.de\\\/cms\\\/praesentieren\\\/\",\"name\":\"Perfekter Auftritt | Pr\u00e4sentationstechnik bei bock B\u00fcroorganisation\",\"isPartOf\":{\"@id\":\"https:\\\/\\\/www.bockgmbh.de\\\/cms\\\/#website\"},\"primaryImageOfPage\":{\"@id\":\"https:\\\/\\\/www.bockgmbh.de\\\/cms\\\/praesentieren\\\/#primaryimage\"},\"image\":{\"@id\":\"https:\\\/\\\/www.bockgmbh.de\\\/cms\\\/praesentieren\\\/#primaryimage\"},\"thumbnailUrl\":\"https:\\\/\\\/www.bockgmbh.de\\\/cms\\\/wp-content\\\/uploads\\\/Web-300x105.jpg\",\"datePublished\":\"2014-05-09T13:13:36+00:00\",\"dateModified\":\"2023-07-10T06:49:42+00:00\",\"description\":\"Zuh\u00f6rer begeistern \u221a Erfolgreich mit Pr\u00e4sentationstechnik von bock B\u00fcroorganisation.\",\"breadcrumb\":{\"@id\":\"https:\\\/\\\/www.bockgmbh.de\\\/cms\\\/praesentieren\\\/#breadcrumb\"},\"inLanguage\":\"de\",\"potentialAction\":[{\"@type\":\"ReadAction\",\"target\":[\"https:\\\/\\\/www.bockgmbh.de\\\/cms\\\/praesentieren\\\/\"]}]},{\"@type\":\"ImageObject\",\"inLanguage\":\"de\",\"@id\":\"https:\\\/\\\/www.bockgmbh.de\\\/cms\\\/praesentieren\\\/#primaryimage\",\"url\":\"https:\\\/\\\/www.bockgmbh.de\\\/cms\\\/wp-content\\\/uploads\\\/Web.jpg\",\"contentUrl\":\"https:\\\/\\\/www.bockgmbh.de\\\/cms\\\/wp-content\\\/uploads\\\/Web.jpg\",\"width\":616,\"height\":215},{\"@type\":\"BreadcrumbList\",\"@id\":\"https:\\\/\\\/www.bockgmbh.de\\\/cms\\\/praesentieren\\\/#breadcrumb\",\"itemListElement\":[{\"@type\":\"ListItem\",\"position\":1,\"name\":\"Home\",\"item\":\"https:\\\/\\\/www.bockgmbh.de\\\/cms\\\/\"},{\"@type\":\"ListItem\",\"position\":2,\"name\":\"Pr\u00e4sentieren\"}]},{\"@type\":\"WebSite\",\"@id\":\"https:\\\/\\\/www.bockgmbh.de\\\/cms\\\/#website\",\"url\":\"https:\\\/\\\/www.bockgmbh.de\\\/cms\\\/\",\"name\":\"www.bockgmbh.de\",\"description\":\"b\u00fcroorganisation GmbH\",\"potentialAction\":[{\"@type\":\"SearchAction\",\"target\":{\"@type\":\"EntryPoint\",\"urlTemplate\":\"https:\\\/\\\/www.bockgmbh.de\\\/cms\\\/?s={search_term_string}\"},\"query-input\":{\"@type\":\"PropertyValueSpecification\",\"valueRequired\":true,\"valueName\":\"search_term_string\"}}],\"inLanguage\":\"de\"}]}<\/script>\n<!-- \/ Yoast SEO plugin. -->","yoast_head_json":{"title":"Perfekter Auftritt | Pr\u00e4sentationstechnik bei bock B\u00fcroorganisation","description":"Zuh\u00f6rer begeistern \u221a Erfolgreich mit Pr\u00e4sentationstechnik von bock B\u00fcroorganisation.","robots":{"index":"index","follow":"follow","max-snippet":"max-snippet:-1","max-image-preview":"max-image-preview:large","max-video-preview":"max-video-preview:-1"},"canonical":"https:\/\/www.bockgmbh.de\/cms\/praesentieren\/","og_locale":"de_DE","og_type":"article","og_title":"Perfekter Auftritt | Pr\u00e4sentationstechnik bei bock B\u00fcroorganisation","og_description":"Zuh\u00f6rer begeistern \u221a Erfolgreich mit Pr\u00e4sentationstechnik von bock B\u00fcroorganisation.","og_url":"https:\/\/www.bockgmbh.de\/cms\/praesentieren\/","og_site_name":"www.bockgmbh.de","article_modified_time":"2023-07-10T06:49:42+00:00","og_image":[{"url":"https:\/\/www.bockgmbh.de\/cms\/wp-content\/uploads\/Web-300x105.jpg","type":"","width":"","height":""}],"twitter_misc":{"Gesch\u00e4tzte Lesezeit":"3\u00a0Minuten"},"schema":{"@context":"https:\/\/schema.org","@graph":[{"@type":"WebPage","@id":"https:\/\/www.bockgmbh.de\/cms\/praesentieren\/","url":"https:\/\/www.bockgmbh.de\/cms\/praesentieren\/","name":"Perfekter Auftritt | Pr\u00e4sentationstechnik bei bock B\u00fcroorganisation","isPartOf":{"@id":"https:\/\/www.bockgmbh.de\/cms\/#website"},"primaryImageOfPage":{"@id":"https:\/\/www.bockgmbh.de\/cms\/praesentieren\/#primaryimage"},"image":{"@id":"https:\/\/www.bockgmbh.de\/cms\/praesentieren\/#primaryimage"},"thumbnailUrl":"https:\/\/www.bockgmbh.de\/cms\/wp-content\/uploads\/Web-300x105.jpg","datePublished":"2014-05-09T13:13:36+00:00","dateModified":"2023-07-10T06:49:42+00:00","description":"Zuh\u00f6rer begeistern \u221a Erfolgreich mit Pr\u00e4sentationstechnik von bock B\u00fcroorganisation.","breadcrumb":{"@id":"https:\/\/www.bockgmbh.de\/cms\/praesentieren\/#breadcrumb"},"inLanguage":"de","potentialAction":[{"@type":"ReadAction","target":["https:\/\/www.bockgmbh.de\/cms\/praesentieren\/"]}]},{"@type":"ImageObject","inLanguage":"de","@id":"https:\/\/www.bockgmbh.de\/cms\/praesentieren\/#primaryimage","url":"https:\/\/www.bockgmbh.de\/cms\/wp-content\/uploads\/Web.jpg","contentUrl":"https:\/\/www.bockgmbh.de\/cms\/wp-content\/uploads\/Web.jpg","width":616,"height":215},{"@type":"BreadcrumbList","@id":"https:\/\/www.bockgmbh.de\/cms\/praesentieren\/#breadcrumb","itemListElement":[{"@type":"ListItem","position":1,"name":"Home","item":"https:\/\/www.bockgmbh.de\/cms\/"},{"@type":"ListItem","position":2,"name":"Pr\u00e4sentieren"}]},{"@type":"WebSite","@id":"https:\/\/www.bockgmbh.de\/cms\/#website","url":"https:\/\/www.bockgmbh.de\/cms\/","name":"www.bockgmbh.de","description":"b\u00fcroorganisation GmbH","potentialAction":[{"@type":"SearchAction","target":{"@type":"EntryPoint","urlTemplate":"https:\/\/www.bockgmbh.de\/cms\/?s={search_term_string}"},"query-input":{"@type":"PropertyValueSpecification","valueRequired":true,"valueName":"search_term_string"}}],"inLanguage":"de"}]}},"_links":{"self":[{"href":"https:\/\/www.bockgmbh.de\/cms\/wp-json\/wp\/v2\/pages\/49","targetHints":{"allow":["GET"]}}],"collection":[{"href":"https:\/\/www.bockgmbh.de\/cms\/wp-json\/wp\/v2\/pages"}],"about":[{"href":"https:\/\/www.bockgmbh.de\/cms\/wp-json\/wp\/v2\/types\/page"}],"author":[{"embeddable":true,"href":"https:\/\/www.bockgmbh.de\/cms\/wp-json\/wp\/v2\/users\/3"}],"replies":[{"embeddable":true,"href":"https:\/\/www.bockgmbh.de\/cms\/wp-json\/wp\/v2\/comments?post=49"}],"version-history":[{"count":14,"href":"https:\/\/www.bockgmbh.de\/cms\/wp-json\/wp\/v2\/pages\/49\/revisions"}],"predecessor-version":[{"id":1807,"href":"https:\/\/www.bockgmbh.de\/cms\/wp-json\/wp\/v2\/pages\/49\/revisions\/1807"}],"wp:attachment":[{"href":"https:\/\/www.bockgmbh.de\/cms\/wp-json\/wp\/v2\/media?parent=49"}],"curies":[{"name":"wp","href":"https:\/\/api.w.org\/{rel}","templated":true}]}}