{"id":47,"date":"2014-05-09T15:13:23","date_gmt":"2014-05-09T13:13:23","guid":{"rendered":"http:\/\/localhost\/bock\/wp\/?page_id=47"},"modified":"2021-05-19T15:04:14","modified_gmt":"2021-05-19T13:04:14","slug":"computer-server","status":"publish","type":"page","link":"https:\/\/www.bockgmbh.de\/cms\/computer-server\/","title":{"rendered":"Computer + Server"},"content":{"rendered":"<h3>Mehr erreichen mit passgenauen IT-Infrastrukturen<\/h3>\n<p>Sie wissen nicht genau, welcher Prozessor der richtige f\u00fcr Sie ist? Oder welchen Anforderungen der neue Server gen\u00fcgen sollte? Warum auch! Konzentrieren Sie sich doch auf Ihr Kerngesch\u00e4ft, um alles Weitere k\u00fcmmern wir uns: Ob Tablet, Notebook, PC oder Server \u2013 wir beraten Sie bei der Auswahl der f\u00fcr Sie richtigen Ger\u00e4te, sorgen f\u00fcr die Einrichtung und Wartung und stellen sicher, dass sowohl Hardware als auch Software optimal aufeinander abgestimmt sind.<br \/>\nSie m\u00f6chten wissen, wie Sie Ihre IT-Infrastrukturen optimal gestalten k\u00f6nnen? Wir verraten es Ihnen! <a href=\"\/cms\/kontakt\">Kontakt<\/a><\/p>\n<h3>Hardware UND Service: L\u00f6sungspakete f\u00fcr Ihren individuellen Bedarf<\/h3>\n<p>Selbstverst\u00e4ndlich k\u00f6nnen Sie bei uns einen Server kaufen, den Sie selbst einrichten \u2013 aber warum sollten nicht auch Sie von unserem umfassenden Service und unserer langj\u00e4hrigen Erfahrung profitieren? Ein Beispiel? Wir garantieren ein H\u00f6chstma\u00df an Funktionalit\u00e4t und Sicherheit, indem wir bereits vor der Auslieferung Ihres PCs Betriebssystem, Firewall und Virenschutzprogramm installieren. Dabei haben wir immer Ihre gesamte IT-Infrastruktur im Blick und stellen auf diese Weise sicher, dass alle Komponenten und Programme kompatibel sind. Oder einfach ausgedr\u00fcckt: Wir bieten Ihnen nicht \u201enur\u201c Hardware, sondern effiziente und funktionierende L\u00f6sungspakete f\u00fcr Ihren individuellen Bedarf.<\/p>\n<h3>Optimales Verh\u00e4ltnis zwischen Leistung und Wirtschaftlichkeit<\/h3>\n<p>Wir entwickeln f\u00fcr Sie Konzepte mit einem optimalen Verh\u00e4ltnis zwischen Leistung und Wirtschaftlichkeit. Dazu analysieren wir im pers\u00f6nlichen Gespr\u00e4ch Ihre individuellen Anforderungen und beraten Sie im Hinblick auf eine passgenaue IT-Infrastruktur, die Ihnen genau die Leistung bietet, die Sie tats\u00e4chlich ben\u00f6tigen. \u00dcbrigens setzen wir dabei auf Hardware der Eigenmarke terra der Wortmann AG. Das Unternehmen steht f\u00fcr \u201eIT Made in Germany\u201c und bietet eine entsprechend hohe Produkt- und Servicequalit\u00e4t.\u00a0<a href=\"\/cms\/kontakt\">Kontakt<\/a><\/p>\n<h3>Unsere Partner<\/h3>\n<p><a href=\"http:\/\/www.wortmann.de\/\"><img decoding=\"async\" src=\"http:\/\/www.bockgmbh.de\/cms\/wp-content\/themes\/bock\/images\/terra.png\" alt=\"\" width=\"100px\" \/><\/a><\/p>\n<p><a href=\"https:\/\/www.wortmann.de\/de-de\/content\/cloud-home\/terra-cloud-im-%C3%BCberblick.aspx\"><img loading=\"lazy\" decoding=\"async\" class=\"alignnone wp-image-489\" src=\"https:\/\/www.bockgmbh.de\/cms\/wp-content\/uploads\/TERRA-CLOUD_Logo_lila_thumb.png\" alt=\"\" width=\"126\" height=\"126\" srcset=\"https:\/\/www.bockgmbh.de\/cms\/wp-content\/uploads\/TERRA-CLOUD_Logo_lila_thumb.png 200w, https:\/\/www.bockgmbh.de\/cms\/wp-content\/uploads\/TERRA-CLOUD_Logo_lila_thumb-150x150.png 150w\" sizes=\"auto, (max-width: 126px) 100vw, 126px\" \/><\/a><\/p>\n<p><a href=\"https:\/\/www.securepoint.de\/\"><img loading=\"lazy\" decoding=\"async\" class=\"alignnone \" src=\"https:\/\/www.bockgmbh.de\/cms\/wp-content\/themes\/bock\/images\/secure.png\" width=\"179\" height=\"117\" \/><\/a><\/p>\n","protected":false},"excerpt":{"rendered":"<p>Mehr erreichen mit passgenauen IT-Infrastrukturen Sie wissen nicht genau, welcher Prozessor der richtige f\u00fcr Sie ist? Oder welchen Anforderungen der neue Server gen\u00fcgen sollte? Warum auch! Konzentrieren Sie sich doch auf Ihr Kerngesch\u00e4ft, um alles&#8230;<\/p>\n","protected":false},"author":3,"featured_media":0,"parent":0,"menu_order":0,"comment_status":"closed","ping_status":"closed","template":"","meta":{"footnotes":""},"class_list":["post-47","page","type-page","status-publish","hentry"],"yoast_head":"<!-- This site is optimized with the Yoast SEO plugin v27.4 - https:\/\/yoast.com\/product\/yoast-seo-wordpress\/ -->\n<title>Hardware und Service | IT-L\u00f6sungen bei bock B\u00fcroorganisation<\/title>\n<meta name=\"description\" content=\"Effiziente IT-Infrastrukturen \u221a Tablets, Notebooks, PCs und Server bei bock B\u00fcroorganisation.\" \/>\n<meta name=\"robots\" content=\"index, follow, max-snippet:-1, max-image-preview:large, max-video-preview:-1\" \/>\n<link rel=\"canonical\" href=\"https:\/\/www.bockgmbh.de\/cms\/computer-server\/\" \/>\n<meta property=\"og:locale\" content=\"de_DE\" \/>\n<meta property=\"og:type\" content=\"article\" \/>\n<meta property=\"og:title\" content=\"Hardware und Service | IT-L\u00f6sungen bei bock B\u00fcroorganisation\" \/>\n<meta property=\"og:description\" content=\"Effiziente IT-Infrastrukturen \u221a Tablets, Notebooks, PCs und Server bei bock B\u00fcroorganisation.\" \/>\n<meta property=\"og:url\" content=\"https:\/\/www.bockgmbh.de\/cms\/computer-server\/\" \/>\n<meta property=\"og:site_name\" content=\"www.bockgmbh.de\" \/>\n<meta property=\"article:modified_time\" content=\"2021-05-19T13:04:14+00:00\" \/>\n<meta property=\"og:image\" content=\"http:\/\/www.bockgmbh.de\/cms\/wp-content\/themes\/bock\/images\/terra.png\" \/>\n<meta name=\"twitter:label1\" content=\"Gesch\u00e4tzte Lesezeit\" \/>\n\t<meta name=\"twitter:data1\" content=\"2\u00a0Minuten\" \/>\n<script type=\"application\/ld+json\" class=\"yoast-schema-graph\">{\"@context\":\"https:\\\/\\\/schema.org\",\"@graph\":[{\"@type\":\"WebPage\",\"@id\":\"https:\\\/\\\/www.bockgmbh.de\\\/cms\\\/computer-server\\\/\",\"url\":\"https:\\\/\\\/www.bockgmbh.de\\\/cms\\\/computer-server\\\/\",\"name\":\"Hardware und Service | IT-L\u00f6sungen bei bock B\u00fcroorganisation\",\"isPartOf\":{\"@id\":\"https:\\\/\\\/www.bockgmbh.de\\\/cms\\\/#website\"},\"primaryImageOfPage\":{\"@id\":\"https:\\\/\\\/www.bockgmbh.de\\\/cms\\\/computer-server\\\/#primaryimage\"},\"image\":{\"@id\":\"https:\\\/\\\/www.bockgmbh.de\\\/cms\\\/computer-server\\\/#primaryimage\"},\"thumbnailUrl\":\"http:\\\/\\\/www.bockgmbh.de\\\/cms\\\/wp-content\\\/themes\\\/bock\\\/images\\\/terra.png\",\"datePublished\":\"2014-05-09T13:13:23+00:00\",\"dateModified\":\"2021-05-19T13:04:14+00:00\",\"description\":\"Effiziente IT-Infrastrukturen \u221a Tablets, Notebooks, PCs und Server bei bock B\u00fcroorganisation.\",\"breadcrumb\":{\"@id\":\"https:\\\/\\\/www.bockgmbh.de\\\/cms\\\/computer-server\\\/#breadcrumb\"},\"inLanguage\":\"de\",\"potentialAction\":[{\"@type\":\"ReadAction\",\"target\":[\"https:\\\/\\\/www.bockgmbh.de\\\/cms\\\/computer-server\\\/\"]}]},{\"@type\":\"ImageObject\",\"inLanguage\":\"de\",\"@id\":\"https:\\\/\\\/www.bockgmbh.de\\\/cms\\\/computer-server\\\/#primaryimage\",\"url\":\"http:\\\/\\\/www.bockgmbh.de\\\/cms\\\/wp-content\\\/themes\\\/bock\\\/images\\\/terra.png\",\"contentUrl\":\"http:\\\/\\\/www.bockgmbh.de\\\/cms\\\/wp-content\\\/themes\\\/bock\\\/images\\\/terra.png\"},{\"@type\":\"BreadcrumbList\",\"@id\":\"https:\\\/\\\/www.bockgmbh.de\\\/cms\\\/computer-server\\\/#breadcrumb\",\"itemListElement\":[{\"@type\":\"ListItem\",\"position\":1,\"name\":\"Home\",\"item\":\"https:\\\/\\\/www.bockgmbh.de\\\/cms\\\/\"},{\"@type\":\"ListItem\",\"position\":2,\"name\":\"Computer + Server\"}]},{\"@type\":\"WebSite\",\"@id\":\"https:\\\/\\\/www.bockgmbh.de\\\/cms\\\/#website\",\"url\":\"https:\\\/\\\/www.bockgmbh.de\\\/cms\\\/\",\"name\":\"www.bockgmbh.de\",\"description\":\"b\u00fcroorganisation GmbH\",\"potentialAction\":[{\"@type\":\"SearchAction\",\"target\":{\"@type\":\"EntryPoint\",\"urlTemplate\":\"https:\\\/\\\/www.bockgmbh.de\\\/cms\\\/?s={search_term_string}\"},\"query-input\":{\"@type\":\"PropertyValueSpecification\",\"valueRequired\":true,\"valueName\":\"search_term_string\"}}],\"inLanguage\":\"de\"}]}<\/script>\n<!-- \/ Yoast SEO plugin. -->","yoast_head_json":{"title":"Hardware und Service | IT-L\u00f6sungen bei bock B\u00fcroorganisation","description":"Effiziente IT-Infrastrukturen \u221a Tablets, Notebooks, PCs und Server bei bock B\u00fcroorganisation.","robots":{"index":"index","follow":"follow","max-snippet":"max-snippet:-1","max-image-preview":"max-image-preview:large","max-video-preview":"max-video-preview:-1"},"canonical":"https:\/\/www.bockgmbh.de\/cms\/computer-server\/","og_locale":"de_DE","og_type":"article","og_title":"Hardware und Service | IT-L\u00f6sungen bei bock B\u00fcroorganisation","og_description":"Effiziente IT-Infrastrukturen \u221a Tablets, Notebooks, PCs und Server bei bock B\u00fcroorganisation.","og_url":"https:\/\/www.bockgmbh.de\/cms\/computer-server\/","og_site_name":"www.bockgmbh.de","article_modified_time":"2021-05-19T13:04:14+00:00","og_image":[{"url":"http:\/\/www.bockgmbh.de\/cms\/wp-content\/themes\/bock\/images\/terra.png","type":"","width":"","height":""}],"twitter_misc":{"Gesch\u00e4tzte Lesezeit":"2\u00a0Minuten"},"schema":{"@context":"https:\/\/schema.org","@graph":[{"@type":"WebPage","@id":"https:\/\/www.bockgmbh.de\/cms\/computer-server\/","url":"https:\/\/www.bockgmbh.de\/cms\/computer-server\/","name":"Hardware und Service | IT-L\u00f6sungen bei bock B\u00fcroorganisation","isPartOf":{"@id":"https:\/\/www.bockgmbh.de\/cms\/#website"},"primaryImageOfPage":{"@id":"https:\/\/www.bockgmbh.de\/cms\/computer-server\/#primaryimage"},"image":{"@id":"https:\/\/www.bockgmbh.de\/cms\/computer-server\/#primaryimage"},"thumbnailUrl":"http:\/\/www.bockgmbh.de\/cms\/wp-content\/themes\/bock\/images\/terra.png","datePublished":"2014-05-09T13:13:23+00:00","dateModified":"2021-05-19T13:04:14+00:00","description":"Effiziente IT-Infrastrukturen \u221a Tablets, Notebooks, PCs und Server bei bock B\u00fcroorganisation.","breadcrumb":{"@id":"https:\/\/www.bockgmbh.de\/cms\/computer-server\/#breadcrumb"},"inLanguage":"de","potentialAction":[{"@type":"ReadAction","target":["https:\/\/www.bockgmbh.de\/cms\/computer-server\/"]}]},{"@type":"ImageObject","inLanguage":"de","@id":"https:\/\/www.bockgmbh.de\/cms\/computer-server\/#primaryimage","url":"http:\/\/www.bockgmbh.de\/cms\/wp-content\/themes\/bock\/images\/terra.png","contentUrl":"http:\/\/www.bockgmbh.de\/cms\/wp-content\/themes\/bock\/images\/terra.png"},{"@type":"BreadcrumbList","@id":"https:\/\/www.bockgmbh.de\/cms\/computer-server\/#breadcrumb","itemListElement":[{"@type":"ListItem","position":1,"name":"Home","item":"https:\/\/www.bockgmbh.de\/cms\/"},{"@type":"ListItem","position":2,"name":"Computer + Server"}]},{"@type":"WebSite","@id":"https:\/\/www.bockgmbh.de\/cms\/#website","url":"https:\/\/www.bockgmbh.de\/cms\/","name":"www.bockgmbh.de","description":"b\u00fcroorganisation GmbH","potentialAction":[{"@type":"SearchAction","target":{"@type":"EntryPoint","urlTemplate":"https:\/\/www.bockgmbh.de\/cms\/?s={search_term_string}"},"query-input":{"@type":"PropertyValueSpecification","valueRequired":true,"valueName":"search_term_string"}}],"inLanguage":"de"}]}},"_links":{"self":[{"href":"https:\/\/www.bockgmbh.de\/cms\/wp-json\/wp\/v2\/pages\/47","targetHints":{"allow":["GET"]}}],"collection":[{"href":"https:\/\/www.bockgmbh.de\/cms\/wp-json\/wp\/v2\/pages"}],"about":[{"href":"https:\/\/www.bockgmbh.de\/cms\/wp-json\/wp\/v2\/types\/page"}],"author":[{"embeddable":true,"href":"https:\/\/www.bockgmbh.de\/cms\/wp-json\/wp\/v2\/users\/3"}],"replies":[{"embeddable":true,"href":"https:\/\/www.bockgmbh.de\/cms\/wp-json\/wp\/v2\/comments?post=47"}],"version-history":[{"count":11,"href":"https:\/\/www.bockgmbh.de\/cms\/wp-json\/wp\/v2\/pages\/47\/revisions"}],"predecessor-version":[{"id":490,"href":"https:\/\/www.bockgmbh.de\/cms\/wp-json\/wp\/v2\/pages\/47\/revisions\/490"}],"wp:attachment":[{"href":"https:\/\/www.bockgmbh.de\/cms\/wp-json\/wp\/v2\/media?parent=47"}],"curies":[{"name":"wp","href":"https:\/\/api.w.org\/{rel}","templated":true}]}}