{"id":45,"date":"2014-05-09T15:13:05","date_gmt":"2014-05-09T13:13:05","guid":{"rendered":"http:\/\/localhost\/bock\/wp\/?page_id=45"},"modified":"2018-02-12T15:18:14","modified_gmt":"2018-02-12T13:18:14","slug":"scannen-archivieren","status":"publish","type":"page","link":"https:\/\/www.bockgmbh.de\/cms\/scannen-archivieren\/","title":{"rendered":"Scannen + Archivieren"},"content":{"rendered":"<h3>Effiziente Abl\u00e4ufe: Optimieren Sie Ihren Scan-Workflow!<\/h3>\n<p>Die steigende Menge an Daten und Dokumenten z\u00e4hlt zu den wichtigsten unternehmerischen Herausforderungen unserer Zeit \u2013 langfristig werden nur jene Unternehmen Erfolg haben, die Informationen weitestgehend automatisiert erfassen und strukturiert verarbeiten. Ein guter Ansatz zur Steigerung der Effizienz von Dokumentenmanagement-Prozessen ist die Digitalisierung analoger Archive: Stellen Sie sich vor, Sie m\u00fcssten ein dringend ben\u00f6tigtes Dokument nicht mehr aufw\u00e4ndig in staubigen physikalischen Ordnern suchen, sondern k\u00f6nnten es schnell und bequem per Mausklick finden und aufrufen. Klingt interessant? Ist es auch!<br \/>\nSie m\u00f6chten wissen, wie Sie einen effizienteren Scan-Workflow realisieren k\u00f6nnen? Wir verraten es Ihnen!\u00a0<a href=\"\/cms\/kontakt\">Kontakt<\/a><\/p>\n<h3>Digitales Archiv: Automatisierte Abl\u00e4ufe und mehr Sicherheit<\/h3>\n<p>Mit modernen Dokumentenmanagement-L\u00f6sungen k\u00f6nnen Sie Ihre Arbeitsabl\u00e4ufe optimieren und vereinfachen. Dank logischer Indexierung und Volltextsuche (OCR) finden Sie beispielsweise Ihre digitalisierten Dokumente deutlich schneller als bei einem analogen Archiv, so stehen Ihnen die Daten binnen weniger Sekunden zur Verf\u00fcgung. Ihre Mitarbeiter k\u00f6nnen zudem system- und ortsunabh\u00e4ngig auf Daten, Dokumente oder Workflow-Prozesse zugreifen. Das ist ein gro\u00dfes Plus in Sachen Mobilit\u00e4t.<br \/>\nDar\u00fcber hinaus helfen wir Ihnen dabei, die Sicherheit der Dokumentenstr\u00f6me zu erh\u00f6hen: Die Verschlagwortung und Ablage erfolgt nach vorab definierten Regeln, so dass Bedienfehler wie ein falsches Ablegen deutlich reduziert werden. Selbstverst\u00e4ndlich k\u00f6nnen Sie bei der Digitalisierung der Dokumente auch Informationen zu Aufbewahrungsfristen hinterlegen sowie Berechtigungen zum Einsehen und L\u00f6schen definieren.<\/p>\n<h3>Service macht \u201eBock\u201c: Individuelle Beratung und passgenaue L\u00f6sungen<\/h3>\n<p>Unseren Slogan \u201eService macht Bock\u201c d\u00fcrfen Sie gerne w\u00f6rtlich nehmen. Wir bieten Unternehmen jeder Gr\u00f6\u00dfenordnung von der Beratung und Entwicklung individueller Konzepte \u00fcber die Implementierung bis hin zur fortlaufenden Betreuung alle Leistungen aus einer Hand. \u00dcbrigens l\u00e4sst sich die von uns eingesetzte Workflow-Software optimal in bestehende Strukturen einbinden, so dass unsere Kunden nicht selten ihre bereits vorhandenen Ger\u00e4te weiter nutzen k\u00f6nnen.<\/p>\n<p><a href=\"\/cms\/kontakt\">Kontakt<\/a><\/p>\n<h3>Unsere Partner<\/h3>\n<h3><a href=\"http:\/\/www.epson.de\/de\/de\/viewcon\/corporatesite\/cms\/index\/11192\/?WT.z_an=878&amp;WT.z_ac=1&amp;WT.z_ap=small8\"><img loading=\"lazy\" decoding=\"async\" class=\"\" src=\"http:\/\/www.bockgmbh.de\/cms\/wp-content\/themes\/bock\/images\/epson.png\" alt=\"\" width=\"186\" height=\"121\" \/><\/a><\/h3>\n<p><a href=\"https:\/\/www.docbox.eu\/\" rel=\"https:\/\/www.docbox.eu\/\"><img loading=\"lazy\" decoding=\"async\" class=\"alignnone wp-image-355 size-full\" src=\"https:\/\/www.bockgmbh.de\/cms\/wp-content\/uploads\/2018\/02\/DOCBOX_Logo_RZ.png\" alt=\"\" width=\"421\" height=\"68\" srcset=\"https:\/\/www.bockgmbh.de\/cms\/wp-content\/uploads\/2018\/02\/DOCBOX_Logo_RZ.png 421w, https:\/\/www.bockgmbh.de\/cms\/wp-content\/uploads\/2018\/02\/DOCBOX_Logo_RZ-300x48.png 300w\" sizes=\"auto, (max-width: 421px) 100vw, 421px\" \/><\/a><\/p>\n<p><a href=\"http:\/\/www.notablesolutions.com\/de\/\"><img loading=\"lazy\" decoding=\"async\" class=\" wp-image-250 alignnone\" src=\"http:\/\/www.bockgmbh.de\/cms\/wp-content\/uploads\/2014\/05\/NSiNewPoweredByAS-300x178.jpg\" alt=\"NSiNewPoweredByAS\" width=\"196\" height=\"116\" srcset=\"https:\/\/www.bockgmbh.de\/cms\/wp-content\/uploads\/2014\/05\/NSiNewPoweredByAS-300x178.jpg 300w, https:\/\/www.bockgmbh.de\/cms\/wp-content\/uploads\/2014\/05\/NSiNewPoweredByAS-1024x606.jpg 1024w, https:\/\/www.bockgmbh.de\/cms\/wp-content\/uploads\/2014\/05\/NSiNewPoweredByAS.jpg 1201w\" sizes=\"auto, (max-width: 196px) 100vw, 196px\" \/><\/a><\/p>\n<p>&nbsp;<\/p>\n<p>&nbsp;<\/p>\n","protected":false},"excerpt":{"rendered":"<p>Effiziente Abl\u00e4ufe: Optimieren Sie Ihren Scan-Workflow! Die steigende Menge an Daten und Dokumenten z\u00e4hlt zu den wichtigsten unternehmerischen Herausforderungen unserer Zeit \u2013 langfristig werden nur jene Unternehmen Erfolg haben, die Informationen weitestgehend automatisiert erfassen und&#8230;<\/p>\n","protected":false},"author":3,"featured_media":0,"parent":0,"menu_order":0,"comment_status":"closed","ping_status":"closed","template":"","meta":{"footnotes":""},"class_list":["post-45","page","type-page","status-publish","hentry"],"yoast_head":"<!-- This site is optimized with the Yoast SEO plugin v27.4 - https:\/\/yoast.com\/product\/yoast-seo-wordpress\/ -->\n<title>Effizienter Scan-Workflow | Digitale Archivl\u00f6sungen bei bock B\u00fcroorganisation<\/title>\n<meta name=\"description\" content=\"Automatisierte Abl\u00e4ufe \u221a Effiziente Dokumentenmanagement-Prozesse mit bock B\u00fcroorganisation.\" \/>\n<meta name=\"robots\" content=\"index, follow, max-snippet:-1, max-image-preview:large, max-video-preview:-1\" \/>\n<link rel=\"canonical\" href=\"https:\/\/www.bockgmbh.de\/cms\/scannen-archivieren\/\" \/>\n<meta property=\"og:locale\" content=\"de_DE\" \/>\n<meta property=\"og:type\" content=\"article\" \/>\n<meta property=\"og:title\" content=\"Effizienter Scan-Workflow | Digitale Archivl\u00f6sungen bei bock B\u00fcroorganisation\" \/>\n<meta property=\"og:description\" content=\"Automatisierte Abl\u00e4ufe \u221a Effiziente Dokumentenmanagement-Prozesse mit bock B\u00fcroorganisation.\" \/>\n<meta property=\"og:url\" content=\"https:\/\/www.bockgmbh.de\/cms\/scannen-archivieren\/\" \/>\n<meta property=\"og:site_name\" content=\"www.bockgmbh.de\" \/>\n<meta property=\"article:modified_time\" content=\"2018-02-12T13:18:14+00:00\" \/>\n<meta property=\"og:image\" content=\"http:\/\/www.bockgmbh.de\/cms\/wp-content\/themes\/bock\/images\/epson.png\" \/>\n<meta name=\"twitter:label1\" content=\"Gesch\u00e4tzte Lesezeit\" \/>\n\t<meta name=\"twitter:data1\" content=\"2\u00a0Minuten\" \/>\n<script type=\"application\/ld+json\" class=\"yoast-schema-graph\">{\"@context\":\"https:\\\/\\\/schema.org\",\"@graph\":[{\"@type\":\"WebPage\",\"@id\":\"https:\\\/\\\/www.bockgmbh.de\\\/cms\\\/scannen-archivieren\\\/\",\"url\":\"https:\\\/\\\/www.bockgmbh.de\\\/cms\\\/scannen-archivieren\\\/\",\"name\":\"Effizienter Scan-Workflow | Digitale Archivl\u00f6sungen bei bock B\u00fcroorganisation\",\"isPartOf\":{\"@id\":\"https:\\\/\\\/www.bockgmbh.de\\\/cms\\\/#website\"},\"primaryImageOfPage\":{\"@id\":\"https:\\\/\\\/www.bockgmbh.de\\\/cms\\\/scannen-archivieren\\\/#primaryimage\"},\"image\":{\"@id\":\"https:\\\/\\\/www.bockgmbh.de\\\/cms\\\/scannen-archivieren\\\/#primaryimage\"},\"thumbnailUrl\":\"http:\\\/\\\/www.bockgmbh.de\\\/cms\\\/wp-content\\\/themes\\\/bock\\\/images\\\/epson.png\",\"datePublished\":\"2014-05-09T13:13:05+00:00\",\"dateModified\":\"2018-02-12T13:18:14+00:00\",\"description\":\"Automatisierte Abl\u00e4ufe \u221a Effiziente Dokumentenmanagement-Prozesse mit bock B\u00fcroorganisation.\",\"breadcrumb\":{\"@id\":\"https:\\\/\\\/www.bockgmbh.de\\\/cms\\\/scannen-archivieren\\\/#breadcrumb\"},\"inLanguage\":\"de\",\"potentialAction\":[{\"@type\":\"ReadAction\",\"target\":[\"https:\\\/\\\/www.bockgmbh.de\\\/cms\\\/scannen-archivieren\\\/\"]}]},{\"@type\":\"ImageObject\",\"inLanguage\":\"de\",\"@id\":\"https:\\\/\\\/www.bockgmbh.de\\\/cms\\\/scannen-archivieren\\\/#primaryimage\",\"url\":\"http:\\\/\\\/www.bockgmbh.de\\\/cms\\\/wp-content\\\/themes\\\/bock\\\/images\\\/epson.png\",\"contentUrl\":\"http:\\\/\\\/www.bockgmbh.de\\\/cms\\\/wp-content\\\/themes\\\/bock\\\/images\\\/epson.png\"},{\"@type\":\"BreadcrumbList\",\"@id\":\"https:\\\/\\\/www.bockgmbh.de\\\/cms\\\/scannen-archivieren\\\/#breadcrumb\",\"itemListElement\":[{\"@type\":\"ListItem\",\"position\":1,\"name\":\"Home\",\"item\":\"https:\\\/\\\/www.bockgmbh.de\\\/cms\\\/\"},{\"@type\":\"ListItem\",\"position\":2,\"name\":\"Scannen + Archivieren\"}]},{\"@type\":\"WebSite\",\"@id\":\"https:\\\/\\\/www.bockgmbh.de\\\/cms\\\/#website\",\"url\":\"https:\\\/\\\/www.bockgmbh.de\\\/cms\\\/\",\"name\":\"www.bockgmbh.de\",\"description\":\"b\u00fcroorganisation GmbH\",\"potentialAction\":[{\"@type\":\"SearchAction\",\"target\":{\"@type\":\"EntryPoint\",\"urlTemplate\":\"https:\\\/\\\/www.bockgmbh.de\\\/cms\\\/?s={search_term_string}\"},\"query-input\":{\"@type\":\"PropertyValueSpecification\",\"valueRequired\":true,\"valueName\":\"search_term_string\"}}],\"inLanguage\":\"de\"}]}<\/script>\n<!-- \/ Yoast SEO plugin. -->","yoast_head_json":{"title":"Effizienter Scan-Workflow | Digitale Archivl\u00f6sungen bei bock B\u00fcroorganisation","description":"Automatisierte Abl\u00e4ufe \u221a Effiziente Dokumentenmanagement-Prozesse mit bock B\u00fcroorganisation.","robots":{"index":"index","follow":"follow","max-snippet":"max-snippet:-1","max-image-preview":"max-image-preview:large","max-video-preview":"max-video-preview:-1"},"canonical":"https:\/\/www.bockgmbh.de\/cms\/scannen-archivieren\/","og_locale":"de_DE","og_type":"article","og_title":"Effizienter Scan-Workflow | Digitale Archivl\u00f6sungen bei bock B\u00fcroorganisation","og_description":"Automatisierte Abl\u00e4ufe \u221a Effiziente Dokumentenmanagement-Prozesse mit bock B\u00fcroorganisation.","og_url":"https:\/\/www.bockgmbh.de\/cms\/scannen-archivieren\/","og_site_name":"www.bockgmbh.de","article_modified_time":"2018-02-12T13:18:14+00:00","og_image":[{"url":"http:\/\/www.bockgmbh.de\/cms\/wp-content\/themes\/bock\/images\/epson.png","type":"","width":"","height":""}],"twitter_misc":{"Gesch\u00e4tzte Lesezeit":"2\u00a0Minuten"},"schema":{"@context":"https:\/\/schema.org","@graph":[{"@type":"WebPage","@id":"https:\/\/www.bockgmbh.de\/cms\/scannen-archivieren\/","url":"https:\/\/www.bockgmbh.de\/cms\/scannen-archivieren\/","name":"Effizienter Scan-Workflow | Digitale Archivl\u00f6sungen bei bock B\u00fcroorganisation","isPartOf":{"@id":"https:\/\/www.bockgmbh.de\/cms\/#website"},"primaryImageOfPage":{"@id":"https:\/\/www.bockgmbh.de\/cms\/scannen-archivieren\/#primaryimage"},"image":{"@id":"https:\/\/www.bockgmbh.de\/cms\/scannen-archivieren\/#primaryimage"},"thumbnailUrl":"http:\/\/www.bockgmbh.de\/cms\/wp-content\/themes\/bock\/images\/epson.png","datePublished":"2014-05-09T13:13:05+00:00","dateModified":"2018-02-12T13:18:14+00:00","description":"Automatisierte Abl\u00e4ufe \u221a Effiziente Dokumentenmanagement-Prozesse mit bock B\u00fcroorganisation.","breadcrumb":{"@id":"https:\/\/www.bockgmbh.de\/cms\/scannen-archivieren\/#breadcrumb"},"inLanguage":"de","potentialAction":[{"@type":"ReadAction","target":["https:\/\/www.bockgmbh.de\/cms\/scannen-archivieren\/"]}]},{"@type":"ImageObject","inLanguage":"de","@id":"https:\/\/www.bockgmbh.de\/cms\/scannen-archivieren\/#primaryimage","url":"http:\/\/www.bockgmbh.de\/cms\/wp-content\/themes\/bock\/images\/epson.png","contentUrl":"http:\/\/www.bockgmbh.de\/cms\/wp-content\/themes\/bock\/images\/epson.png"},{"@type":"BreadcrumbList","@id":"https:\/\/www.bockgmbh.de\/cms\/scannen-archivieren\/#breadcrumb","itemListElement":[{"@type":"ListItem","position":1,"name":"Home","item":"https:\/\/www.bockgmbh.de\/cms\/"},{"@type":"ListItem","position":2,"name":"Scannen + Archivieren"}]},{"@type":"WebSite","@id":"https:\/\/www.bockgmbh.de\/cms\/#website","url":"https:\/\/www.bockgmbh.de\/cms\/","name":"www.bockgmbh.de","description":"b\u00fcroorganisation GmbH","potentialAction":[{"@type":"SearchAction","target":{"@type":"EntryPoint","urlTemplate":"https:\/\/www.bockgmbh.de\/cms\/?s={search_term_string}"},"query-input":{"@type":"PropertyValueSpecification","valueRequired":true,"valueName":"search_term_string"}}],"inLanguage":"de"}]}},"_links":{"self":[{"href":"https:\/\/www.bockgmbh.de\/cms\/wp-json\/wp\/v2\/pages\/45","targetHints":{"allow":["GET"]}}],"collection":[{"href":"https:\/\/www.bockgmbh.de\/cms\/wp-json\/wp\/v2\/pages"}],"about":[{"href":"https:\/\/www.bockgmbh.de\/cms\/wp-json\/wp\/v2\/types\/page"}],"author":[{"embeddable":true,"href":"https:\/\/www.bockgmbh.de\/cms\/wp-json\/wp\/v2\/users\/3"}],"replies":[{"embeddable":true,"href":"https:\/\/www.bockgmbh.de\/cms\/wp-json\/wp\/v2\/comments?post=45"}],"version-history":[{"count":15,"href":"https:\/\/www.bockgmbh.de\/cms\/wp-json\/wp\/v2\/pages\/45\/revisions"}],"predecessor-version":[{"id":357,"href":"https:\/\/www.bockgmbh.de\/cms\/wp-json\/wp\/v2\/pages\/45\/revisions\/357"}],"wp:attachment":[{"href":"https:\/\/www.bockgmbh.de\/cms\/wp-json\/wp\/v2\/media?parent=45"}],"curies":[{"name":"wp","href":"https:\/\/api.w.org\/{rel}","templated":true}]}}