{"id":43,"date":"2014-05-09T15:12:50","date_gmt":"2014-05-09T13:12:50","guid":{"rendered":"http:\/\/localhost\/bock\/wp\/?page_id=43"},"modified":"2015-05-13T08:48:30","modified_gmt":"2015-05-13T06:48:30","slug":"drucken-kopieren","status":"publish","type":"page","link":"https:\/\/www.bockgmbh.de\/cms\/drucken-kopieren\/","title":{"rendered":"Drucken + Kopieren"},"content":{"rendered":"<h3>Effizientes Dokumentenmanagement: Schonen Sie Ihre Ressourcen!<\/h3>\n<p>Warum es sich f\u00fcr Sie lohnt, in moderne Druck- und Kopiersysteme zu investieren? Weil Sie auf diese Weise bares Geld sparen k\u00f6nnen! Denn mit dem Einsatz der richtigen Technik lassen sich Ihre laufenden Druckkosten in der Regel signifikant reduzieren. Dar\u00fcber hinaus bieten moderne Ger\u00e4te aber noch weitere entscheidende Vorteile: Sie \u00fcberzeugen mit ihrer guten Druckqualit\u00e4t, sind energieeffizient, zuverl\u00e4ssig, benutzerfreundlich und leise.<br \/>\nVom kleinen Arbeitsplatzdrucker bis hin zum Gro\u00dfformatdrucker f\u00fcr professionelle Anwendungen \u2013 wir beraten Sie bei der Auswahl der f\u00fcr Sie passenden technischen Ausstattung. Selbstverst\u00e4ndlich k\u00fcmmern wir uns auch um die Umsetzung des neuen Konzepts und unterst\u00fctzen Sie bei der Wartung und Instandhaltung der Ger\u00e4te.<br \/>\nSie m\u00f6chten wissen, wie Sie die Effizienz Ihrer Prozesse im Bereich des Dokumentenmanagements steigern k\u00f6nnen? Wir verraten es Ihnen!\u00a0<a href=\"\/cms\/kontakt\">Kontakt<\/a><\/p>\n<h3>Individuelle Beratung: Vom Arbeitsplatzdrucker bis zum Gro\u00dfformatdrucker<\/h3>\n<p>In den meisten Unternehmen wird heute eine zunehmend gro\u00dfe Menge an Dokumenten und sonstigen Inhalten direkt vom Computer an den Drucker \u00fcbertragen. Diese Form des Digitaldrucks erm\u00f6glicht es, kleinere wie auch gr\u00f6\u00dfere Auflagen individuell personalisiert, kosteng\u00fcnstig und in hoher Qualit\u00e4t abzuwickeln. Welche Ger\u00e4te dabei zum Einsatz kommen, h\u00e4ngt ma\u00dfgeblich von Ihrem spezifischen Bedarf ab.<br \/>\nVor allem in kleineren Unternehmen oder als Arbeitsplatzdrucker spielen beispielsweise multifunktionale Tintenstrahldrucker ihre St\u00e4rken voll aus. Die energieeffizienten Ger\u00e4te k\u00f6nnen nicht zuletzt durch die niedrigen Anschaffungs- sowie g\u00fcnstigen Folgekosten dazu beitragen, Druckkosten zu senken. Dar\u00fcber hinaus sind Tintenstrahldrucker einfach zu bedienen und bieten eine gute Arbeitsgeschwindigkeit wie auch Druckqualit\u00e4t.<br \/>\nGerade bei h\u00f6heren Druckvolumina setzen Unternehmen hingegen h\u00e4ufig auf multifunktionale Laserdrucker. Die Ger\u00e4te sind schnell und langlebig und haben einen gro\u00dfen Papier- und Tonervorrat. Dar\u00fcber hinaus bieten sie in der Regel einen gr\u00f6\u00dferen Funktionsumfang und sind gut administrierbar.<br \/>\nDie Entscheidungsfindung ist f\u00fcr Sie dabei denkbar einfach: Sie sagen uns, welche Anforderungen und W\u00fcnsche Sie haben und wir beraten Sie, welches System f\u00fcr Sie das richtige ist. \u00dcbrigens verraten wir Ihnen selbstverst\u00e4ndlich auch gerne, wie Sie das Beste aus Ihren vorhandenen Multifunktionsger\u00e4ten herauskitzeln k\u00f6nnen \u2013 Sie werden sich wundern, welche L\u00f6sungen sich \u00fcber die API-Schnittstelle integrieren lassen!<\/p>\n<h3>Perfekte Abl\u00e4ufe: Zeit sparen mit dem richtigen Kopierger\u00e4t<\/h3>\n<p>Selbstverst\u00e4ndlich unterst\u00fctzen und beraten wir Sie auch bei der Auswahl des f\u00fcr Sie richtigen digitalen Kopierger\u00e4ts. Einfache Modelle zum Drucken, Faxen und Scannen kommen eher im privaten Bereich zum Einsatz. Die meisten Unternehmen hingegen setzen auf professionellere Ger\u00e4te, weil diese eine ganze F\u00fclle von Zusatzkomponenten und zus\u00e4tzlichen Funktionen bieten. Mit einer Duplexeinheit k\u00f6nnen Sie beispielsweise auch die R\u00fcckseite des Papiers bedrucken \u2013 das spart Papier und schont die Umwelt. Sie m\u00fcssen regelm\u00e4\u00dfig mehrere Seiten hintereinander kopieren und anschlie\u00dfend lochen? Dann k\u00f6nnen Sie mit einem Originaleinzug sowie mit einer Lochereinheit viel Zeit sparen. Und wenn Ihr Ger\u00e4t dann noch \u00fcber einen Finisher verf\u00fcgt, sortiert es die Kopien automatisch und legt sie entsprechend ab. Auf diese Weise k\u00f6nnen Sie problemlos ganze Brosch\u00fcren erstellen.<br \/>\nWelche Zusatzkomponenten f\u00fcr Sie und Ihr Unternehmen sinnvoll sind und wie Sie mit der richtigen Technik Ihre Abl\u00e4ufe optimieren k\u00f6nnen, verraten wir Ihnen gerne in einem pers\u00f6nlichen Gespr\u00e4ch.\u00a0<a href=\"\/cms\/kontakt\">Kontakt<\/a><\/p>\n<h3>Unsere Partner<\/h3>\n<p><img decoding=\"async\" class=\" alignnone\" src=\"http:\/\/www.bockgmbh.de\/cms\/wp-content\/themes\/bock\/images\/konica.png\" alt=\"\" width=\"100px\" \/><\/p>\n<ul>\n<li><a href=\"http:\/\/www.bockgmbh.de\/cms\/?p=218\">Laserdrucker<\/a><\/li>\n<li><a href=\"http:\/\/www.bockgmbh.de\/cms\/multifunktionssysteme-von-konica-minolta\/\">Multifunktionssysteme<\/a><\/li>\n<li><a href=\"http:\/\/www.bockgmbh.de\/cms\/produktionssysteme-von-konica-minolta\/\">Produktionssysteme<\/a><\/li>\n<li><a href=\"http:\/\/www.bockgmbh.de\/cms\/software-von-konica-minolta\/\">Software<\/a><\/li>\n<li><a href=\"http:\/\/konfigurator.konicaminolta.de\/bock-bueroorganisation\/\">Produktkonfigurator<\/a><\/li>\n<li><a href=\"http:\/\/www.biz.konicaminolta.com\/colour\/c754_c654\/eco_calculator\/index.html\">Energieberater<\/a><\/li>\n<\/ul>\n<p>&nbsp;<\/p>\n<hr \/>\n<p><img loading=\"lazy\" decoding=\"async\" class=\"alignnone\" src=\"http:\/\/www.bockgmbh.de\/cms\/wp-content\/themes\/bock\/images\/epson.png\" alt=\"\" width=\"218\" height=\"142\" \/><\/p>\n<p><a href=\"http:\/\/www.bockgmbh.de\/cms\/wp-content\/uploads\/2014\/05\/Epson-Partner-Logo_ProOffice.gif\"><img loading=\"lazy\" decoding=\"async\" class=\" size-full wp-image-244 alignnone\" src=\"http:\/\/www.bockgmbh.de\/cms\/wp-content\/uploads\/2014\/05\/Epson-Partner-Logo_ProOffice.gif\" alt=\"Epson-Partner-Logo_ProOffice\" width=\"200\" height=\"72\" \/><\/a><\/p>\n<p>&nbsp;<\/p>\n<p><a href=\"http:\/\/www.bockgmbh.de\/cms\/wp-content\/uploads\/2014\/05\/Epson-Service-Partner_Logo.gif\"><br \/>\n<img loading=\"lazy\" decoding=\"async\" class=\" size-medium wp-image-245 alignnone\" src=\"http:\/\/www.bockgmbh.de\/cms\/wp-content\/uploads\/2014\/05\/Epson-Service-Partner_Logo.gif\" alt=\"Epson-Service-Partner_Logo\" width=\"200\" height=\"26\" \/><\/a><\/p>\n<p>&nbsp;<\/p>\n<p><a href=\"http:\/\/www.bockgmbh.de\/cms\/wp-content\/uploads\/2014\/05\/Epson-Partner-Logo_ProCAD.gif\"><img loading=\"lazy\" decoding=\"async\" class=\" size-medium wp-image-246 alignnone\" src=\"http:\/\/www.bockgmbh.de\/cms\/wp-content\/uploads\/2014\/05\/Epson-Partner-Logo_ProCAD.gif\" alt=\"Epson-Partner-Logo_ProCAD\" width=\"200\" height=\"72\" \/><\/a><\/p>\n<p>&nbsp;<\/p>\n<p>&nbsp;<\/p>\n<ul>\n<li>Epson L\u00f6sungen f\u00fcr das Finanzwesen:\u00a0<a href=\"http:\/\/www.epson.de\/finanzwesen\">www.epson.de\/finanzwesen<\/a><\/li>\n<li>Epson L\u00f6sungen f\u00fcr den \u00f6ffentlichen Sektor:\u00a0<a href=\"http:\/\/www.epson.de\/oeffentlicher-sektor\">www.epson.de\/oeffentlicher-sektor<\/a><\/li>\n<li>Epson L\u00f6sungen f\u00fcr das Gesundheitswesen:\u00a0<a href=\"http:\/\/www.epson.de\/gesundheitswesen\">www.epson.de\/gesundheitswesen<\/a><\/li>\n<li>Epson App-Seite:\u00a0<a href=\"http:\/\/www.epson.de\/apps\">www.epson.de\/apps<\/a><\/li>\n<li>Epson Energiekostenrechner:\u00a0<a href=\"http:\/\/www.clickandmore.epson.de\/energiekostenrechner\">http:\/\/www.clickandmore.epson.de\/energiekostenrechner<\/a><\/li>\n<li><a href=\"http:\/\/greenclick.epson.mancar.rzpool.de\/\">Energieberater<\/a><\/li>\n<li><span class=\"s1\">Tintenkostenrechner\u00a0<\/span><span class=\"s2\"><a href=\"https:\/\/www.epson.de\/de\/de\/viewcon\/corporatesite\/cms\/index\/10480\/\">https:\/\/www.epson.de\/de\/de\/viewcon\/corporatesite\/cms\/index\/10480\/<\/a><\/span><\/li>\n<li>Video Overview\u00a0<a href=\"http:\/\/www.epson.com\/cgi-bin\/Store\/Video-Library\/video\/Professional-Imaging_Product-Lines_Stylus-Pro\/Epson-LFP-Print-Plug-In-for-Office-Overview\/1395688025001?BV_UseBVCookie=yes\">http:\/\/www.epson.com\/cgi-bin\/Store\/Video-Library\/video\/Professional-Imaging_Product-Lines_Stylus-Pro\/Epson-LFP-Print-Plug-In-for-Office-Overview\/1395688025001?BV_UseBVCookie=yes<\/a><\/li>\n<li>7200\u00a0<a href=\"http:\/\/www.epson.com\/cgi-bin\/Store\/Video-Library\/video\/Professional-Imaging_Product-Lines_Stylus-Pro\/Epson-Stylus-Pro-7900-CTP-System-Workflow-OverView\/949235572001?BV_UseBVCookie=yes\">http:\/\/www.epson.com\/cgi-bin\/Store\/Video-Library\/video\/Professional-Imaging_Product-Lines_Stylus-Pro\/Epson-Stylus-Pro-7900-CTP-System-Workflow-OverView\/949235572001?BV_UseBVCookie=yes<\/a><\/li>\n<\/ul>\n<p>&nbsp;<\/p>\n<p>&nbsp;<\/p>\n","protected":false},"excerpt":{"rendered":"<p>Effizientes Dokumentenmanagement: Schonen Sie Ihre Ressourcen! Warum es sich f\u00fcr Sie lohnt, in moderne Druck- und Kopiersysteme zu investieren? Weil Sie auf diese Weise bares Geld sparen k\u00f6nnen! Denn mit dem Einsatz der richtigen Technik&#8230;<\/p>\n","protected":false},"author":3,"featured_media":0,"parent":0,"menu_order":0,"comment_status":"closed","ping_status":"closed","template":"","meta":{"footnotes":""},"class_list":["post-43","page","type-page","status-publish","hentry"],"yoast_head":"<!-- This site is optimized with the Yoast SEO plugin v27.4 - https:\/\/yoast.com\/product\/yoast-seo-wordpress\/ -->\n<title>Druck- und Kopiersysteme | Aktuelle Technik bei bock B\u00fcroorganisation<\/title>\n<meta name=\"description\" content=\"Effizientes Dokumentenmanagement \u221a Beratung, Umsetzung und Service von bock B\u00fcroorganisation.\" \/>\n<meta name=\"robots\" content=\"index, follow, max-snippet:-1, max-image-preview:large, max-video-preview:-1\" \/>\n<link rel=\"canonical\" href=\"https:\/\/www.bockgmbh.de\/cms\/drucken-kopieren\/\" \/>\n<meta property=\"og:locale\" content=\"de_DE\" \/>\n<meta property=\"og:type\" content=\"article\" \/>\n<meta property=\"og:title\" content=\"Druck- und Kopiersysteme | Aktuelle Technik bei bock B\u00fcroorganisation\" \/>\n<meta property=\"og:description\" content=\"Effizientes Dokumentenmanagement \u221a Beratung, Umsetzung und Service von bock B\u00fcroorganisation.\" \/>\n<meta property=\"og:url\" content=\"https:\/\/www.bockgmbh.de\/cms\/drucken-kopieren\/\" \/>\n<meta property=\"og:site_name\" content=\"www.bockgmbh.de\" \/>\n<meta property=\"article:modified_time\" content=\"2015-05-13T06:48:30+00:00\" \/>\n<meta property=\"og:image\" content=\"http:\/\/www.bockgmbh.de\/cms\/wp-content\/themes\/bock\/images\/konica.png\" \/>\n<meta name=\"twitter:label1\" content=\"Gesch\u00e4tzte Lesezeit\" \/>\n\t<meta name=\"twitter:data1\" content=\"3\u00a0Minuten\" \/>\n<script type=\"application\/ld+json\" class=\"yoast-schema-graph\">{\"@context\":\"https:\\\/\\\/schema.org\",\"@graph\":[{\"@type\":\"WebPage\",\"@id\":\"https:\\\/\\\/www.bockgmbh.de\\\/cms\\\/drucken-kopieren\\\/\",\"url\":\"https:\\\/\\\/www.bockgmbh.de\\\/cms\\\/drucken-kopieren\\\/\",\"name\":\"Druck- und Kopiersysteme | Aktuelle Technik bei bock B\u00fcroorganisation\",\"isPartOf\":{\"@id\":\"https:\\\/\\\/www.bockgmbh.de\\\/cms\\\/#website\"},\"primaryImageOfPage\":{\"@id\":\"https:\\\/\\\/www.bockgmbh.de\\\/cms\\\/drucken-kopieren\\\/#primaryimage\"},\"image\":{\"@id\":\"https:\\\/\\\/www.bockgmbh.de\\\/cms\\\/drucken-kopieren\\\/#primaryimage\"},\"thumbnailUrl\":\"http:\\\/\\\/www.bockgmbh.de\\\/cms\\\/wp-content\\\/themes\\\/bock\\\/images\\\/konica.png\",\"datePublished\":\"2014-05-09T13:12:50+00:00\",\"dateModified\":\"2015-05-13T06:48:30+00:00\",\"description\":\"Effizientes Dokumentenmanagement \u221a Beratung, Umsetzung und Service von bock B\u00fcroorganisation.\",\"breadcrumb\":{\"@id\":\"https:\\\/\\\/www.bockgmbh.de\\\/cms\\\/drucken-kopieren\\\/#breadcrumb\"},\"inLanguage\":\"de\",\"potentialAction\":[{\"@type\":\"ReadAction\",\"target\":[\"https:\\\/\\\/www.bockgmbh.de\\\/cms\\\/drucken-kopieren\\\/\"]}]},{\"@type\":\"ImageObject\",\"inLanguage\":\"de\",\"@id\":\"https:\\\/\\\/www.bockgmbh.de\\\/cms\\\/drucken-kopieren\\\/#primaryimage\",\"url\":\"http:\\\/\\\/www.bockgmbh.de\\\/cms\\\/wp-content\\\/themes\\\/bock\\\/images\\\/konica.png\",\"contentUrl\":\"http:\\\/\\\/www.bockgmbh.de\\\/cms\\\/wp-content\\\/themes\\\/bock\\\/images\\\/konica.png\"},{\"@type\":\"BreadcrumbList\",\"@id\":\"https:\\\/\\\/www.bockgmbh.de\\\/cms\\\/drucken-kopieren\\\/#breadcrumb\",\"itemListElement\":[{\"@type\":\"ListItem\",\"position\":1,\"name\":\"Home\",\"item\":\"https:\\\/\\\/www.bockgmbh.de\\\/cms\\\/\"},{\"@type\":\"ListItem\",\"position\":2,\"name\":\"Drucken + Kopieren\"}]},{\"@type\":\"WebSite\",\"@id\":\"https:\\\/\\\/www.bockgmbh.de\\\/cms\\\/#website\",\"url\":\"https:\\\/\\\/www.bockgmbh.de\\\/cms\\\/\",\"name\":\"www.bockgmbh.de\",\"description\":\"b\u00fcroorganisation GmbH\",\"potentialAction\":[{\"@type\":\"SearchAction\",\"target\":{\"@type\":\"EntryPoint\",\"urlTemplate\":\"https:\\\/\\\/www.bockgmbh.de\\\/cms\\\/?s={search_term_string}\"},\"query-input\":{\"@type\":\"PropertyValueSpecification\",\"valueRequired\":true,\"valueName\":\"search_term_string\"}}],\"inLanguage\":\"de\"}]}<\/script>\n<!-- \/ Yoast SEO plugin. -->","yoast_head_json":{"title":"Druck- und Kopiersysteme | Aktuelle Technik bei bock B\u00fcroorganisation","description":"Effizientes Dokumentenmanagement \u221a Beratung, Umsetzung und Service von bock B\u00fcroorganisation.","robots":{"index":"index","follow":"follow","max-snippet":"max-snippet:-1","max-image-preview":"max-image-preview:large","max-video-preview":"max-video-preview:-1"},"canonical":"https:\/\/www.bockgmbh.de\/cms\/drucken-kopieren\/","og_locale":"de_DE","og_type":"article","og_title":"Druck- und Kopiersysteme | Aktuelle Technik bei bock B\u00fcroorganisation","og_description":"Effizientes Dokumentenmanagement \u221a Beratung, Umsetzung und Service von bock B\u00fcroorganisation.","og_url":"https:\/\/www.bockgmbh.de\/cms\/drucken-kopieren\/","og_site_name":"www.bockgmbh.de","article_modified_time":"2015-05-13T06:48:30+00:00","og_image":[{"url":"http:\/\/www.bockgmbh.de\/cms\/wp-content\/themes\/bock\/images\/konica.png","type":"","width":"","height":""}],"twitter_misc":{"Gesch\u00e4tzte Lesezeit":"3\u00a0Minuten"},"schema":{"@context":"https:\/\/schema.org","@graph":[{"@type":"WebPage","@id":"https:\/\/www.bockgmbh.de\/cms\/drucken-kopieren\/","url":"https:\/\/www.bockgmbh.de\/cms\/drucken-kopieren\/","name":"Druck- und Kopiersysteme | Aktuelle Technik bei bock B\u00fcroorganisation","isPartOf":{"@id":"https:\/\/www.bockgmbh.de\/cms\/#website"},"primaryImageOfPage":{"@id":"https:\/\/www.bockgmbh.de\/cms\/drucken-kopieren\/#primaryimage"},"image":{"@id":"https:\/\/www.bockgmbh.de\/cms\/drucken-kopieren\/#primaryimage"},"thumbnailUrl":"http:\/\/www.bockgmbh.de\/cms\/wp-content\/themes\/bock\/images\/konica.png","datePublished":"2014-05-09T13:12:50+00:00","dateModified":"2015-05-13T06:48:30+00:00","description":"Effizientes Dokumentenmanagement \u221a Beratung, Umsetzung und Service von bock B\u00fcroorganisation.","breadcrumb":{"@id":"https:\/\/www.bockgmbh.de\/cms\/drucken-kopieren\/#breadcrumb"},"inLanguage":"de","potentialAction":[{"@type":"ReadAction","target":["https:\/\/www.bockgmbh.de\/cms\/drucken-kopieren\/"]}]},{"@type":"ImageObject","inLanguage":"de","@id":"https:\/\/www.bockgmbh.de\/cms\/drucken-kopieren\/#primaryimage","url":"http:\/\/www.bockgmbh.de\/cms\/wp-content\/themes\/bock\/images\/konica.png","contentUrl":"http:\/\/www.bockgmbh.de\/cms\/wp-content\/themes\/bock\/images\/konica.png"},{"@type":"BreadcrumbList","@id":"https:\/\/www.bockgmbh.de\/cms\/drucken-kopieren\/#breadcrumb","itemListElement":[{"@type":"ListItem","position":1,"name":"Home","item":"https:\/\/www.bockgmbh.de\/cms\/"},{"@type":"ListItem","position":2,"name":"Drucken + Kopieren"}]},{"@type":"WebSite","@id":"https:\/\/www.bockgmbh.de\/cms\/#website","url":"https:\/\/www.bockgmbh.de\/cms\/","name":"www.bockgmbh.de","description":"b\u00fcroorganisation GmbH","potentialAction":[{"@type":"SearchAction","target":{"@type":"EntryPoint","urlTemplate":"https:\/\/www.bockgmbh.de\/cms\/?s={search_term_string}"},"query-input":{"@type":"PropertyValueSpecification","valueRequired":true,"valueName":"search_term_string"}}],"inLanguage":"de"}]}},"_links":{"self":[{"href":"https:\/\/www.bockgmbh.de\/cms\/wp-json\/wp\/v2\/pages\/43","targetHints":{"allow":["GET"]}}],"collection":[{"href":"https:\/\/www.bockgmbh.de\/cms\/wp-json\/wp\/v2\/pages"}],"about":[{"href":"https:\/\/www.bockgmbh.de\/cms\/wp-json\/wp\/v2\/types\/page"}],"author":[{"embeddable":true,"href":"https:\/\/www.bockgmbh.de\/cms\/wp-json\/wp\/v2\/users\/3"}],"replies":[{"embeddable":true,"href":"https:\/\/www.bockgmbh.de\/cms\/wp-json\/wp\/v2\/comments?post=43"}],"version-history":[{"count":18,"href":"https:\/\/www.bockgmbh.de\/cms\/wp-json\/wp\/v2\/pages\/43\/revisions"}],"predecessor-version":[{"id":280,"href":"https:\/\/www.bockgmbh.de\/cms\/wp-json\/wp\/v2\/pages\/43\/revisions\/280"}],"wp:attachment":[{"href":"https:\/\/www.bockgmbh.de\/cms\/wp-json\/wp\/v2\/media?parent=43"}],"curies":[{"name":"wp","href":"https:\/\/api.w.org\/{rel}","templated":true}]}}