{"id":372,"date":"2018-11-12T10:42:44","date_gmt":"2018-11-12T08:42:44","guid":{"rendered":"https:\/\/www.bockgmbh.de\/cms\/?page_id=372"},"modified":"2021-06-25T09:08:13","modified_gmt":"2021-06-25T07:08:13","slug":"datenschutzhinweise","status":"publish","type":"page","link":"https:\/\/www.bockgmbh.de\/cms\/datenschutzhinweise\/","title":{"rendered":"Datenschutzhinweise"},"content":{"rendered":"<h4>Datenschutzhinweise gem\u00e4\u00df EU-Datenschutz-Grundverordnung<\/h4>\n<p>Stand Mai 2018<\/p>\n<p>Mit den nachfolgenden Informationen geben wir Ihnen einen \u00dcberblick \u00fcber die Verarbeitung Ihrer personenbezogenen Daten durch uns und Ihre Rechte aus dem Datenschutzrecht. Welche Daten im Einzelnen verarbeitet und in welcher Weise genutzt werden, richtet sich ma\u00dfgeblich nach den jeweiligen vereinbarten Dienstleistungen bzw. genutzten Produkten.<\/p>\n<h4>1 Verantwortlicher f\u00fcr die Datenverarbeitung<\/h4>\n<h4>1.1 Verantwortliche Stelle:<\/h4>\n<p>bock b\u00fcroorganisation GmbH, Heganger 7, 96103 Hallstadt, Bayern Deutschland<\/p>\n<p>Telefon +49 (0)951 96566 0, Telefax +49 (0)951 68054<\/p>\n<p>E-Mail: info@bockgmbh.de, WEB: www.bockgmbh.de<\/p>\n<p>HRB Bamberg 2448, Steuernummer 207 122 60026, UST.-ID.DE 163 446 537<\/p>\n<p>Gl\u00e4ubiger-Identifikationsnummer DE39ZZZ00000150878<\/p>\n<p>&nbsp;<\/p>\n<h4>2 Datenschutzbeauftragter<\/h4>\n<h4>2.1.1 Kontaktdaten<\/h4>\n<p>audius GmbH<br \/>\nMendelstr. 13<br \/>\n89081 Ulm<\/p>\n<p>datenschutz-ulm@audius.de<\/p>\n<p>Tel.: 07151-36900-0<\/p>\n<p>www.audius.de<\/p>\n<h4>3 Zweck und Rechtsgrundlage der Verarbeitung<\/h4>\n<p>Wir verarbeiten die vorab genannten personenbezogenen Daten im Einklang mit den Bestimmungen der EU-Datenschutz-Grundverordnung (DSGVO) und dem Bundesdatenschutzgesetz (BDSG)<\/p>\n<h4>3.1 Aufgrund Ihrer Einwilligung (Artikel 6 Abs. 1a DSGVO)<\/h4>\n<p>Soweit Sie uns eine Einwilligung zur Verarbeitung von personenbezogenen Daten f\u00fcr bestimmte Zwecke erteilt haben, ist die Rechtm\u00e4\u00dfigkeit der Verarbeitung auf Basis Ihrer Einwilligung gegeben. Eine erteilte Einwilligung kann jederzeit widerrufen werden. Dies gilt auch f\u00fcr den Widerruf von Einwilligungserkl\u00e4rungen, die vor der Geltung der DSGVO, also vor dem 25. Mai 2018, uns gegen\u00fcber erteilt worden ist. Bitte beachten Sie, dass der Widerruf erst f\u00fcr die Zukunft wirkt. Verarbeitungen, die vor dem Widerruf erfolgt sind, sind nicht davon betroffen. Eine Status\u00fcbersicht k\u00f6nnen Sie jederzeit bei uns anfordern.<\/p>\n<h4>3.2 Zur Erf\u00fcllung von vertraglichen Pflichten (Artikel 6 Abs. 1b DSGVO)<\/h4>\n<p>Die Verarbeitung personenbezogener Daten erfolgt im Rahmen der Durchf\u00fchrung unserer Vertr\u00e4ge mit unseren Kunden, Interessenten und Lieferanten sowie zur Durchf\u00fchrung vorvertraglicher Ma\u00dfnahmen, die auf Ihre Anfrage hin erfolgen, sowie aller mit dem Betrieb und Verwaltung unseres Unternehmens erforderlichen T\u00e4tigkeiten. Die Zwecke der Datenverarbeitung richten sich in erster Linie nach dem konkreten Produkt und\/oder Dienstleistung.<\/p>\n<h4>3.3 Im Rahmen der Interessenabw\u00e4gung (Artikel 6 Abs. 1c DSGVO)<\/h4>\n<p>Zudem unterliegen wir rechtlichen Verpflichtungen und gesetzlichen Anforderungen wie dem Geldw\u00e4sche Gesetz.<\/p>\n<h4>3.4 Im Rahmen der Interessenabw\u00e4gung (Artikel 6 Abs. 1f DSGVO9)<\/h4>\n<p>Soweit erforderlich, verarbeiten wir Ihrer Daten \u00fcber die eigentliche Erf\u00fcllung des Vertrags hinaus zur Wahrung berechtigter Interessen von uns oder dritte.<\/p>\n<h4>3.4.1 Datenaustausch<\/h4>\n<p>Konsultation von und Datenaustausch mit Auskunfteien (z. B. Schufa) zur Ermittlung von Bonit\u00e4ts- bzw. Ausfallrisiken<\/p>\n<h4>3.4.2 Pr\u00fcfung<\/h4>\n<p>Pr\u00fcfung und Optimierung von Verfahren zur Bedarfsanalyse und zu direkter Kundenansprache inklusive Kundensegmentierungen und Berechnung von Abschlusswahrscheinlichkeiten.<\/p>\n<h4>3.4.3 Werbung<\/h4>\n<p>Werbung oder Markt- und Meinungsforschung, soweit Sie der Nutzung Ihrer Daten nicht widersprochen haben.<\/p>\n<p>Ma\u00dfnahmen zur Gesch\u00e4ftssteuerung und Weiterentwicklung von Dienstleistungen und Produkten.<\/p>\n<h4>3.4.4 Rechtliche Anspr\u00fcche<\/h4>\n<p>Geltendmachung rechtlicher Anspr\u00fcche und Verteidigung bei rechtlichen Streitigkeiten.<\/p>\n<h4>3.4.5 Sicherheit<\/h4>\n<p>Gew\u00e4hrleistung der IT-Sicherheit.<\/p>\n<p>Verhinderung von Straftaten.<\/p>\n<p>Video\u00fcberwachungen zur Wahrung des Hausrechts und zur Sammlung von Beweismitteln bei Straftaten sowie Ma\u00dfnahmen zur Geb\u00e4ude- und Anlagensicherheit (z. B. Zutrittskontrollen).<a name=\"_Toc529646461\"><\/a><\/p>\n<h4>4 Daten\u00fcbermittlung<\/h4>\n<p>Innerhalb unseres Unternehmens erhalten diejenigen Stellen Zugriff auf Ihre Daten, die diese zur Erf\u00fcllung unserer vertraglichen und gesetzlichen Pflichten brauchen. Auch von uns eingesetzte Dienstleister und Erf\u00fcllungsgehilfen k\u00f6nnen zu diesen Zwecken Daten erhalten, wenn diese unsere schriftlichen datenschutzrechtlichen Weisungen wahren oder einem Berufsgeheimnis unterliegen. Die sind im Wesentlichen Unternehmen ausfolgend aufgef\u00fchrten Kategorien:<\/p>\n<h4>4.1\u00a0\u00a0\u00a0\u00a0\u00a0\u00a0\u00a0 Steuerberater<\/h4>\n<p>Zum Erstellen von Steuerunterlagen und Bilanzabschl\u00fcssen.<\/p>\n<h4>4.2 \u00d6ffentliche Stellen<\/h4>\n<p>\u00d6ffentliche Stellen und Institutionen wie Finanzbeh\u00f6rde und Gemeinden. Steuernummer und UiD Nummer.<\/p>\n<h4>4.3 Auftragsverarbeiter bzw. Dienstleister<\/h4>\n<p>Auftragsverarbeiter bzw. Dienstleister, an die wir zur Durchf\u00fchrung der Gesch\u00e4ftsbeziehung mit Ihnen personenbezogene Daten \u00fcbermitteln. Im Einzelnen:<\/p>\n<p>Adresse, Ansprechpartner, Stellplatzbeschreibung, St\u00f6rung und welche Ma\u00dfnahmen eingeleitet werden m\u00fcssen um die St\u00f6rung vor Ort zu beseitigen.<\/p>\n<p>Bei EDV-Angebundenen Ger\u00e4ten werden unter Umst\u00e4nden die MAC und IP-Adresse der Ger\u00e4te \u00fcbermittelt.<\/p>\n<p>Unterst\u00fctzung\/Wartung von EDV-\/IT- Anwendungen, Archivierung, Belegbearbeitung, (Risiko-) Controlling, Datenscreening, Datenvernichtung, Einkauf\/Beschaffung, Beitreibung, Kundenverwaltung, Lettershops, Marketing, Medientechnik, Meldewesen, Research, Spesenabrechnung, Telefonie, Videolegitimation, Webseitenmanagement, Wirtschaftspr\u00fcfungsdienstleistungen<\/p>\n<h4>5 Daten\u00fcbermittlung in ein Drittland oder an eine internationale Organisation<\/h4>\n<p>Eine Daten\u00fcbermittlung in L\u00e4nder au\u00dferhalb der EU bzw. des EWR (sogenannte Drittstaaten) findet nur statt, soweit dies zur Ausf\u00fchrung unserer Gesch\u00e4ftsbeziehung erforderlich oder gesetzlich vorgeschrieben ist, oder Sie uns eine Einwilligung erteilt haben.<\/p>\n<p>Werden im Rahmen einer Auftragsverarbeitung Dienstleister im Drittland eingesetzt, werden diese zus\u00e4tzlich zu schriftlichen Weisungen durch die Vereinbarung der EU-Standarddatenschutzklauseln zur Einhaltung des Datenschutzniveaus in Europa verpflichtet, soweit kein sogenannter Angemessenheitsbeschluss der EU-Kommission hinsichtlich des Datenschutzniveaus (Art. 45 DSGVO) vorliegt.<\/p>\n<p>Angemessenheitsbeschluss bedeutet, dass die EU-Kommission nach entsprechender Pr\u00fcfung festgestellt hat, ob und dass in dem Drittland auf Grundlage seiner innerstaatlichen Rechtsvorschriften und deren Anwendung, der Existenz und der wirksamen Funktionsweise einer oder mehrerer unabh\u00e4ngiger Aufsichtsbeh\u00f6rden sowie seiner eingegangenen internationalen Verpflichtungen ein Schutzniveau existiert, welches dem in der DS-GVO gew\u00e4hrten Schutzniveau gleichwertig ist (sogenannte sichere Drittstaaten). Angemessenheitsbeschl\u00fcsse liegen derzeit f\u00fcr die L\u00e4nder Andorra, Argentinien, F\u00e4r\u00f6er, Israel, die Isle of Man, Kanada, Guernsey, Jersey, Neuseeland, Uruguay und den USA im Rahmen des Privacy-Shield-Abkommens vor.<\/p>\n<p>Die EU-Standarddatenschutzklauseln sind ein standardisiertes Vertragswerk zum Datenschutz zwischen Dienstanbietern und ihren Kunden Anwendung findet, um sicherzustellen, dass personenbezogene Daten, die den EWR verlassen, unter Einhaltung des europ\u00e4ischen Datenschutzniveaus und den Anforderungen der DS-GVO \u00fcbertragen werden und durchsetzbare Rechte und wirksame Rechtsbehelfe den Betroffenen zur Verf\u00fcgung stehen.<\/p>\n<h4>6 Datenspeicherung<\/h4>\n<p>Wir verarbeiten und speichern Ihre personenbezogenen Daten, solange es f\u00fcr die Erf\u00fcllung unserer vertraglichen und gesetzlichen Pflichten erforderlich ist. Dabei ist zu beachten, dass unsere Gesch\u00e4ftsbeziehung ein Dauerschuldverh\u00e4ltnis ist, welches auf mehrere Jahre angelegt ist.<\/p>\n<p>Sind die Daten f\u00fcr die Erf\u00fcllung vertraglicher oder gesetzlicher Pflichten nicht mehr erforderlich, werden diese regelm\u00e4\u00dfig gel\u00f6scht, es sei denn, ihre \u2013 befristete \u2013 Weiterverarbeitung ist zu folgenden Zwecken erforderlich:<\/p>\n<h4>6.1 Aufbewahrungsfristen<\/h4>\n<p>Erf\u00fcllung handels- und steuerrechtlicher Aufbewahrungsfristen: Zu nennen sind das Handelsgesetzbuch und die Abgabenordnung. Die dort vorgesehen Fristen zur Aufbewahrung bzw. Dokumentation betragen von sechs bis zehn Jahre<\/p>\n<h4>6.2 Verj\u00e4hrungsvorschriften<\/h4>\n<p>Erhaltung von Beweismitteln im Rahmen der Verj\u00e4hrungsvorschriften: Nach den \u00a7\u00a7 195 ff. des B\u00fcrgerlichen Gesetzbuches (BGB) k\u00f6nnen diese Verj\u00e4hrungsfristen bis zu 30 Jahre betragen, wobei die regelm\u00e4\u00dfige Verj\u00e4hrungsfrist drei Jahre betr\u00e4gt.<\/p>\n<h4>7 Ihre Datenschutzrechte<\/h4>\n<p>Jede betroffene Person hat das Recht auf <strong>Auskunft<\/strong> nach Artikel 15 DSGVO, das Recht auf <strong>Berichtigung<\/strong> nach Artikel 16 DSGVO, das Recht auf <strong>L\u00f6schung<\/strong> nach Artikel 17 DSGVO, das Recht auf <strong>Einschr\u00e4nkung der Verarbeitung<\/strong> nach Artikel 18 DSGVO, das Recht auf <strong>Widerspruch<\/strong> aus Artikel 21 DSGVO sowie das Recht auf <strong>Daten\u00fcbertragbarkeit<\/strong> aus Artikel 20 DSGVO. Beim Auskunftsrecht und beim L\u00f6schungsrecht gelten die Einschr\u00e4nkungen nach \u00a7\u00a7 34 und 35 BDSG. Dar\u00fcber hinaus besteht ein Beschwerderecht bei einer Datenschutzaufsichtsbeh\u00f6rde (Artikel 77 DSGVO i. V. m \u00a7 19 BDSG).<\/p>\n<p>Eine erteilte Einwilligung in die Verarbeitung personenbezogener Daten k\u00f6nnen Sie jederzeit uns gegen\u00fcber widerrufen. Dies gilt auch f\u00fcr den Widerruf von Einwilligungserkl\u00e4rungen, die vor der Geltung der EU-Datenschutz-Grundverordnung, also vor dem 25. Mai 2018, uns gegen\u00fcber erteilt worden sind. Bitte beachten Sie, dass der Widerruf erst f\u00fcr die Zukunft wirkt. Verarbeitungen, die vor dem Widerruf erfolgt sind, sind davon nicht betroffen.<\/p>\n<h4>8 Ihre Datenbereitstellungspflicht<\/h4>\n<p>Im Rahmen unserer Gesch\u00e4ftsbeziehung m\u00fcssen Sie diejenigen personenbezogenen Daten bereitstellen, die f\u00fcr die Aufnahme und Durchf\u00fchrung einer Gesch\u00e4ftsbeziehung und die Erf\u00fcllung der damit verbundenen vertraglichen Pflichten erforderlich sind oder zu deren Erhebung wir gesetzlich verpflichtet sind. Ohne diese Daten werden wir in der Regel den Abschluss des Vertrages oder die Ausf\u00fchrung des Auftrages ablehnen m\u00fcssen oder einen bestehenden Vertrag nicht mehr durchf\u00fchren k\u00f6nnen und ggf. beenden m\u00fcssen.<\/p>\n<p>Insbesondere sind wir nach den gesetzlichen Vorschriften des Geldw\u00e4schegesetzes verpflichtet, Sie vor der Begr\u00fcndung der Gesch\u00e4ftsbeziehung beispielsweise anhand Ihres Personalausweises zu identifizieren und dabei Ihren Namen, Geburtsort, Geburtsdatum, Staatsangeh\u00f6rigkeit sowie Ihre Wohnanschrift zu erheben und festzuhalten. Damit wir dieser gesetzlichen Verpflichtung nachkommen k\u00f6nnen, haben Sie uns nach [\u00a7 4 Abs. 6 Geldw\u00e4schegesetz] die notwendigen Informationen und Unterlagen zur Verf\u00fcgung zu stellen und sich im Laufe der Gesch\u00e4ftsbeziehung ergebende \u00c4nderungen unverz\u00fcglich anzuzeigen. Sollten Sie uns die notwendigen Informationen und Unterlagen nicht zur Verf\u00fcgung stellen, d\u00fcrfen wir die von Ihnen gew\u00fcnschte Gesch\u00e4ftsbeziehung nicht aufnehmen oder fortsetzen.<\/p>\n<h4>9 Information \u00fcber Ihr Widerspruchsrecht nach Artikel 21 EU-Datenschutz-Grundverordnung (DSGVO)<\/h4>\n<h4>9.1 Einzelfallbezogenes Widerspruchsrecht<\/h4>\n<p>Sie haben das Recht, aus Gr\u00fcnden, die sich aus Ihrer besonderen Situation ergeben, jederzeit gegen die Verarbeitung Sie betreffender personenbezogener Daten, die aufgrund von Artikel 6 Abs. 1 e DSGVO(Datenverarbeitung im \u00f6ffentlichen Interesse) und Artikel 6 Abs. 1 f DSGVO (Datenverarbeitung auf der Grundlage einer Interessenabw\u00e4gung) erfolgt, Widerspruch einzulegen; dies gilt auch f\u00fcr ein auf diese Bestimmung gest\u00fctztes Profiling im Sinne von Artikel 4 Abs. 4 DSGVO. Legen Sie Widerspruch ein, werden wir Ihre personenbezogenen Daten nicht mehr verarbeiten, es sei denn, wir k\u00f6nnen zwingende schutzw\u00fcrdige Gr\u00fcnde f\u00fcr die Verarbeitung nachweisen, die Ihre Interessen, Rechte und Freiheiten \u00fcberwiegen, oder die Verarbeitung dient der Geltendmachung, Aus\u00fcbung oder Verteidigung von Rechtsanspr\u00fcchen.<\/p>\n<h4>9.2 Widerspruchsrecht gegen Verarbeitung von Daten zu Werbezwecken<\/h4>\n<p>In Einzelf\u00e4llen verarbeiten wir Ihre personenbezogenen Daten, um Direktwerbung zu betreiben. Sie haben das Recht, jederzeit Widerspruch gegen die Verarbeitung Sie betreffender personenbezogener Daten zum Zwecke derartiger Werbung einzulegen; dies gilt auch f\u00fcr das Profiling, soweit es mit solcher Direktwerbung in Verbindung steht. Widersprechen Sie der Verarbeitung f\u00fcr Zwecke der Direktwerbung, so werden wir Ihre personenbezogenen Daten nicht mehr f\u00fcr diese Zwecke verarbeiten.<\/p>\n<p>&nbsp;<\/p>\n<p>Der Widerspruch kann formfrei erfolgen und sollte m\u00f6glichst gerichtet werden an:<\/p>\n<p><a href=\"mailto:FE@bockgmbh.de\">FE@bockgmbh.de<\/a><\/p>\n","protected":false},"excerpt":{"rendered":"<p>Datenschutzhinweise gem\u00e4\u00df EU-Datenschutz-Grundverordnung Stand Mai 2018 Mit den nachfolgenden Informationen geben wir Ihnen einen \u00dcberblick \u00fcber die Verarbeitung Ihrer personenbezogenen Daten durch uns und Ihre Rechte aus dem Datenschutzrecht. Welche Daten im Einzelnen verarbeitet und&#8230;<\/p>\n","protected":false},"author":3,"featured_media":0,"parent":0,"menu_order":0,"comment_status":"closed","ping_status":"closed","template":"","meta":{"footnotes":""},"class_list":["post-372","page","type-page","status-publish","hentry"],"yoast_head":"<!-- This site is optimized with the Yoast SEO plugin v27.5 - https:\/\/yoast.com\/product\/yoast-seo-wordpress\/ -->\n<title>Datenschutzhinweise<\/title>\n<meta name=\"robots\" content=\"index, follow, max-snippet:-1, max-image-preview:large, max-video-preview:-1\" \/>\n<link rel=\"canonical\" href=\"https:\/\/www.bockgmbh.de\/cms\/datenschutzhinweise\/\" \/>\n<meta property=\"og:locale\" content=\"de_DE\" \/>\n<meta property=\"og:type\" content=\"article\" \/>\n<meta property=\"og:title\" content=\"Datenschutzhinweise\" \/>\n<meta property=\"og:description\" content=\"Datenschutzhinweise gem\u00e4\u00df EU-Datenschutz-Grundverordnung Stand Mai 2018 Mit den nachfolgenden Informationen geben wir Ihnen einen \u00dcberblick \u00fcber die Verarbeitung Ihrer personenbezogenen Daten durch uns und Ihre Rechte aus dem Datenschutzrecht. Welche Daten im Einzelnen verarbeitet und...\" \/>\n<meta property=\"og:url\" content=\"https:\/\/www.bockgmbh.de\/cms\/datenschutzhinweise\/\" \/>\n<meta property=\"og:site_name\" content=\"www.bockgmbh.de\" \/>\n<meta property=\"article:modified_time\" content=\"2021-06-25T07:08:13+00:00\" \/>\n<meta name=\"twitter:label1\" content=\"Gesch\u00e4tzte Lesezeit\" \/>\n\t<meta name=\"twitter:data1\" content=\"7\u00a0Minuten\" \/>\n<script type=\"application\/ld+json\" class=\"yoast-schema-graph\">{\"@context\":\"https:\\\/\\\/schema.org\",\"@graph\":[{\"@type\":\"WebPage\",\"@id\":\"https:\\\/\\\/www.bockgmbh.de\\\/cms\\\/datenschutzhinweise\\\/\",\"url\":\"https:\\\/\\\/www.bockgmbh.de\\\/cms\\\/datenschutzhinweise\\\/\",\"name\":\"Datenschutzhinweise\",\"isPartOf\":{\"@id\":\"https:\\\/\\\/www.bockgmbh.de\\\/cms\\\/#website\"},\"datePublished\":\"2018-11-12T08:42:44+00:00\",\"dateModified\":\"2021-06-25T07:08:13+00:00\",\"breadcrumb\":{\"@id\":\"https:\\\/\\\/www.bockgmbh.de\\\/cms\\\/datenschutzhinweise\\\/#breadcrumb\"},\"inLanguage\":\"de\",\"potentialAction\":[{\"@type\":\"ReadAction\",\"target\":[\"https:\\\/\\\/www.bockgmbh.de\\\/cms\\\/datenschutzhinweise\\\/\"]}]},{\"@type\":\"BreadcrumbList\",\"@id\":\"https:\\\/\\\/www.bockgmbh.de\\\/cms\\\/datenschutzhinweise\\\/#breadcrumb\",\"itemListElement\":[{\"@type\":\"ListItem\",\"position\":1,\"name\":\"Home\",\"item\":\"https:\\\/\\\/www.bockgmbh.de\\\/cms\\\/\"},{\"@type\":\"ListItem\",\"position\":2,\"name\":\"Datenschutzhinweise\"}]},{\"@type\":\"WebSite\",\"@id\":\"https:\\\/\\\/www.bockgmbh.de\\\/cms\\\/#website\",\"url\":\"https:\\\/\\\/www.bockgmbh.de\\\/cms\\\/\",\"name\":\"www.bockgmbh.de\",\"description\":\"b\u00fcroorganisation GmbH\",\"potentialAction\":[{\"@type\":\"SearchAction\",\"target\":{\"@type\":\"EntryPoint\",\"urlTemplate\":\"https:\\\/\\\/www.bockgmbh.de\\\/cms\\\/?s={search_term_string}\"},\"query-input\":{\"@type\":\"PropertyValueSpecification\",\"valueRequired\":true,\"valueName\":\"search_term_string\"}}],\"inLanguage\":\"de\"}]}<\/script>\n<!-- \/ Yoast SEO plugin. -->","yoast_head_json":{"title":"Datenschutzhinweise","robots":{"index":"index","follow":"follow","max-snippet":"max-snippet:-1","max-image-preview":"max-image-preview:large","max-video-preview":"max-video-preview:-1"},"canonical":"https:\/\/www.bockgmbh.de\/cms\/datenschutzhinweise\/","og_locale":"de_DE","og_type":"article","og_title":"Datenschutzhinweise","og_description":"Datenschutzhinweise gem\u00e4\u00df EU-Datenschutz-Grundverordnung Stand Mai 2018 Mit den nachfolgenden Informationen geben wir Ihnen einen \u00dcberblick \u00fcber die Verarbeitung Ihrer personenbezogenen Daten durch uns und Ihre Rechte aus dem Datenschutzrecht. Welche Daten im Einzelnen verarbeitet und...","og_url":"https:\/\/www.bockgmbh.de\/cms\/datenschutzhinweise\/","og_site_name":"www.bockgmbh.de","article_modified_time":"2021-06-25T07:08:13+00:00","twitter_misc":{"Gesch\u00e4tzte Lesezeit":"7\u00a0Minuten"},"schema":{"@context":"https:\/\/schema.org","@graph":[{"@type":"WebPage","@id":"https:\/\/www.bockgmbh.de\/cms\/datenschutzhinweise\/","url":"https:\/\/www.bockgmbh.de\/cms\/datenschutzhinweise\/","name":"Datenschutzhinweise","isPartOf":{"@id":"https:\/\/www.bockgmbh.de\/cms\/#website"},"datePublished":"2018-11-12T08:42:44+00:00","dateModified":"2021-06-25T07:08:13+00:00","breadcrumb":{"@id":"https:\/\/www.bockgmbh.de\/cms\/datenschutzhinweise\/#breadcrumb"},"inLanguage":"de","potentialAction":[{"@type":"ReadAction","target":["https:\/\/www.bockgmbh.de\/cms\/datenschutzhinweise\/"]}]},{"@type":"BreadcrumbList","@id":"https:\/\/www.bockgmbh.de\/cms\/datenschutzhinweise\/#breadcrumb","itemListElement":[{"@type":"ListItem","position":1,"name":"Home","item":"https:\/\/www.bockgmbh.de\/cms\/"},{"@type":"ListItem","position":2,"name":"Datenschutzhinweise"}]},{"@type":"WebSite","@id":"https:\/\/www.bockgmbh.de\/cms\/#website","url":"https:\/\/www.bockgmbh.de\/cms\/","name":"www.bockgmbh.de","description":"b\u00fcroorganisation GmbH","potentialAction":[{"@type":"SearchAction","target":{"@type":"EntryPoint","urlTemplate":"https:\/\/www.bockgmbh.de\/cms\/?s={search_term_string}"},"query-input":{"@type":"PropertyValueSpecification","valueRequired":true,"valueName":"search_term_string"}}],"inLanguage":"de"}]}},"_links":{"self":[{"href":"https:\/\/www.bockgmbh.de\/cms\/wp-json\/wp\/v2\/pages\/372","targetHints":{"allow":["GET"]}}],"collection":[{"href":"https:\/\/www.bockgmbh.de\/cms\/wp-json\/wp\/v2\/pages"}],"about":[{"href":"https:\/\/www.bockgmbh.de\/cms\/wp-json\/wp\/v2\/types\/page"}],"author":[{"embeddable":true,"href":"https:\/\/www.bockgmbh.de\/cms\/wp-json\/wp\/v2\/users\/3"}],"replies":[{"embeddable":true,"href":"https:\/\/www.bockgmbh.de\/cms\/wp-json\/wp\/v2\/comments?post=372"}],"version-history":[{"count":9,"href":"https:\/\/www.bockgmbh.de\/cms\/wp-json\/wp\/v2\/pages\/372\/revisions"}],"predecessor-version":[{"id":547,"href":"https:\/\/www.bockgmbh.de\/cms\/wp-json\/wp\/v2\/pages\/372\/revisions\/547"}],"wp:attachment":[{"href":"https:\/\/www.bockgmbh.de\/cms\/wp-json\/wp\/v2\/media?parent=372"}],"curies":[{"name":"wp","href":"https:\/\/api.w.org\/{rel}","templated":true}]}}