{"id":164,"date":"2014-10-28T13:46:56","date_gmt":"2014-10-28T11:46:56","guid":{"rendered":"http:\/\/www.bockgmbh.de\/cms\/?page_id=164"},"modified":"2015-01-12T18:38:52","modified_gmt":"2015-01-12T16:38:52","slug":"wir-ueber-uns","status":"publish","type":"page","link":"https:\/\/www.bockgmbh.de\/cms\/wir-ueber-uns\/","title":{"rendered":"Wir \u00fcber uns"},"content":{"rendered":"<p>Wir sorgen bei unseren Kunden f\u00fcr einen reibungslos funktionierenden B\u00fcroalltag und gestalten effiziente Arbeitsabl\u00e4ufe. So k\u00f6nnen Sie sich ganz auf Ihr Kerngesch\u00e4ft konzentrieren. Als Servicespezialist und traditionsreiches Familienunternehmen bieten wir Ihnen flexible Systeme rund ums <a href=\"http:\/\/www.bockgmbh.de\/cms\/drucken-kopieren\/\">Drucken<\/a>, <a href=\"http:\/\/www.bockgmbh.de\/cms\/drucken-kopieren\/\">Kopieren<\/a>, <a href=\"http:\/\/www.bockgmbh.de\/cms\/scannen-archivieren\/\">Scannen<\/a>, <a href=\"http:\/\/www.bockgmbh.de\/cms\/scannen-archivieren\/\">Archivieren<\/a>, <a href=\"http:\/\/www.bockgmbh.de\/cms\/computer-server\/\">Computer<\/a>, <a href=\"http:\/\/www.bockgmbh.de\/cms\/computer-server\/\">Server<\/a> und <a href=\"http:\/\/www.bockgmbh.de\/cms\/praesentieren\/\">Pr\u00e4sentieren<\/a>. Auf der Basis kompetenter Beratung und modernster Technik optimiert unser Team Betriebsabl\u00e4ufe und erleichtert Ver\u00e4nderungen in diffizilen Office-Prozessen \u2013 konsequent geplant und umgesetzt sowie bedingungslos wirtschaftlich gestaltet.<br \/>\nUnser Motto \u201eService macht Bock\u201c leben wir dabei jeden Tag und setzen dabei vor allem auf Flexibilit\u00e4t, kurze Reaktionszeiten und Vor-Ort-Service.<br \/>\nUmweltschutz geh\u00f6rt gleicherma\u00dfen wie der Qualit\u00e4tsanspruch zu den Unternehmensgrunds\u00e4tzen: Wir bieten Ihnen Produkte und Dienstleistungen, die die Umwelt sowohl im Normalbetrieb als auch bei au\u00dfergew\u00f6hnlichen Ereignissen m\u00f6glichst wenig belasten. Gleichzeitig unterst\u00fctzen wir die R\u00fcckf\u00fchrung unserer Produkte in geschlossene Stoffkreisl\u00e4ufe und verkaufen nur Ger\u00e4te, die m\u00f6glichst komplett zerlegbar und verwertbar sind. Green Office: Vom Umdenken profitiert die Umwelt.<\/p>\n<p><a href=\"\/cms\/kontakt\">Kontakt<\/a><\/p>\n","protected":false},"excerpt":{"rendered":"<p>Wir sorgen bei unseren Kunden f\u00fcr einen reibungslos funktionierenden B\u00fcroalltag und gestalten effiziente Arbeitsabl\u00e4ufe. So k\u00f6nnen Sie sich ganz auf Ihr Kerngesch\u00e4ft konzentrieren. Als Servicespezialist und traditionsreiches Familienunternehmen bieten wir Ihnen flexible Systeme rund ums&#8230;<\/p>\n","protected":false},"author":3,"featured_media":0,"parent":0,"menu_order":0,"comment_status":"closed","ping_status":"closed","template":"","meta":{"footnotes":""},"class_list":["post-164","page","type-page","status-publish","hentry"],"yoast_head":"<!-- This site is optimized with the Yoast SEO plugin v27.4 - https:\/\/yoast.com\/product\/yoast-seo-wordpress\/ -->\n<title>Wir \u00fcber uns<\/title>\n<meta name=\"robots\" content=\"index, follow, max-snippet:-1, max-image-preview:large, max-video-preview:-1\" \/>\n<link rel=\"canonical\" href=\"https:\/\/www.bockgmbh.de\/cms\/wir-ueber-uns\/\" \/>\n<meta property=\"og:locale\" content=\"de_DE\" \/>\n<meta property=\"og:type\" content=\"article\" \/>\n<meta property=\"og:title\" content=\"Wir \u00fcber uns\" \/>\n<meta property=\"og:description\" content=\"Wir sorgen bei unseren Kunden f\u00fcr einen reibungslos funktionierenden B\u00fcroalltag und gestalten effiziente Arbeitsabl\u00e4ufe. So k\u00f6nnen Sie sich ganz auf Ihr Kerngesch\u00e4ft konzentrieren. Als Servicespezialist und traditionsreiches Familienunternehmen bieten wir Ihnen flexible Systeme rund ums...\" \/>\n<meta property=\"og:url\" content=\"https:\/\/www.bockgmbh.de\/cms\/wir-ueber-uns\/\" \/>\n<meta property=\"og:site_name\" content=\"www.bockgmbh.de\" \/>\n<meta property=\"article:modified_time\" content=\"2015-01-12T16:38:52+00:00\" \/>\n<meta name=\"twitter:label1\" content=\"Gesch\u00e4tzte Lesezeit\" \/>\n\t<meta name=\"twitter:data1\" content=\"1\u00a0Minute\" \/>\n<script type=\"application\/ld+json\" class=\"yoast-schema-graph\">{\"@context\":\"https:\\\/\\\/schema.org\",\"@graph\":[{\"@type\":\"WebPage\",\"@id\":\"https:\\\/\\\/www.bockgmbh.de\\\/cms\\\/wir-ueber-uns\\\/\",\"url\":\"https:\\\/\\\/www.bockgmbh.de\\\/cms\\\/wir-ueber-uns\\\/\",\"name\":\"Wir \u00fcber uns\",\"isPartOf\":{\"@id\":\"https:\\\/\\\/www.bockgmbh.de\\\/cms\\\/#website\"},\"datePublished\":\"2014-10-28T11:46:56+00:00\",\"dateModified\":\"2015-01-12T16:38:52+00:00\",\"breadcrumb\":{\"@id\":\"https:\\\/\\\/www.bockgmbh.de\\\/cms\\\/wir-ueber-uns\\\/#breadcrumb\"},\"inLanguage\":\"de\",\"potentialAction\":[{\"@type\":\"ReadAction\",\"target\":[\"https:\\\/\\\/www.bockgmbh.de\\\/cms\\\/wir-ueber-uns\\\/\"]}]},{\"@type\":\"BreadcrumbList\",\"@id\":\"https:\\\/\\\/www.bockgmbh.de\\\/cms\\\/wir-ueber-uns\\\/#breadcrumb\",\"itemListElement\":[{\"@type\":\"ListItem\",\"position\":1,\"name\":\"Home\",\"item\":\"https:\\\/\\\/www.bockgmbh.de\\\/cms\\\/\"},{\"@type\":\"ListItem\",\"position\":2,\"name\":\"Wir \u00fcber uns\"}]},{\"@type\":\"WebSite\",\"@id\":\"https:\\\/\\\/www.bockgmbh.de\\\/cms\\\/#website\",\"url\":\"https:\\\/\\\/www.bockgmbh.de\\\/cms\\\/\",\"name\":\"www.bockgmbh.de\",\"description\":\"b\u00fcroorganisation GmbH\",\"potentialAction\":[{\"@type\":\"SearchAction\",\"target\":{\"@type\":\"EntryPoint\",\"urlTemplate\":\"https:\\\/\\\/www.bockgmbh.de\\\/cms\\\/?s={search_term_string}\"},\"query-input\":{\"@type\":\"PropertyValueSpecification\",\"valueRequired\":true,\"valueName\":\"search_term_string\"}}],\"inLanguage\":\"de\"}]}<\/script>\n<!-- \/ Yoast SEO plugin. -->","yoast_head_json":{"title":"Wir \u00fcber uns","robots":{"index":"index","follow":"follow","max-snippet":"max-snippet:-1","max-image-preview":"max-image-preview:large","max-video-preview":"max-video-preview:-1"},"canonical":"https:\/\/www.bockgmbh.de\/cms\/wir-ueber-uns\/","og_locale":"de_DE","og_type":"article","og_title":"Wir \u00fcber uns","og_description":"Wir sorgen bei unseren Kunden f\u00fcr einen reibungslos funktionierenden B\u00fcroalltag und gestalten effiziente Arbeitsabl\u00e4ufe. So k\u00f6nnen Sie sich ganz auf Ihr Kerngesch\u00e4ft konzentrieren. Als Servicespezialist und traditionsreiches Familienunternehmen bieten wir Ihnen flexible Systeme rund ums...","og_url":"https:\/\/www.bockgmbh.de\/cms\/wir-ueber-uns\/","og_site_name":"www.bockgmbh.de","article_modified_time":"2015-01-12T16:38:52+00:00","twitter_misc":{"Gesch\u00e4tzte Lesezeit":"1\u00a0Minute"},"schema":{"@context":"https:\/\/schema.org","@graph":[{"@type":"WebPage","@id":"https:\/\/www.bockgmbh.de\/cms\/wir-ueber-uns\/","url":"https:\/\/www.bockgmbh.de\/cms\/wir-ueber-uns\/","name":"Wir \u00fcber uns","isPartOf":{"@id":"https:\/\/www.bockgmbh.de\/cms\/#website"},"datePublished":"2014-10-28T11:46:56+00:00","dateModified":"2015-01-12T16:38:52+00:00","breadcrumb":{"@id":"https:\/\/www.bockgmbh.de\/cms\/wir-ueber-uns\/#breadcrumb"},"inLanguage":"de","potentialAction":[{"@type":"ReadAction","target":["https:\/\/www.bockgmbh.de\/cms\/wir-ueber-uns\/"]}]},{"@type":"BreadcrumbList","@id":"https:\/\/www.bockgmbh.de\/cms\/wir-ueber-uns\/#breadcrumb","itemListElement":[{"@type":"ListItem","position":1,"name":"Home","item":"https:\/\/www.bockgmbh.de\/cms\/"},{"@type":"ListItem","position":2,"name":"Wir \u00fcber uns"}]},{"@type":"WebSite","@id":"https:\/\/www.bockgmbh.de\/cms\/#website","url":"https:\/\/www.bockgmbh.de\/cms\/","name":"www.bockgmbh.de","description":"b\u00fcroorganisation GmbH","potentialAction":[{"@type":"SearchAction","target":{"@type":"EntryPoint","urlTemplate":"https:\/\/www.bockgmbh.de\/cms\/?s={search_term_string}"},"query-input":{"@type":"PropertyValueSpecification","valueRequired":true,"valueName":"search_term_string"}}],"inLanguage":"de"}]}},"_links":{"self":[{"href":"https:\/\/www.bockgmbh.de\/cms\/wp-json\/wp\/v2\/pages\/164","targetHints":{"allow":["GET"]}}],"collection":[{"href":"https:\/\/www.bockgmbh.de\/cms\/wp-json\/wp\/v2\/pages"}],"about":[{"href":"https:\/\/www.bockgmbh.de\/cms\/wp-json\/wp\/v2\/types\/page"}],"author":[{"embeddable":true,"href":"https:\/\/www.bockgmbh.de\/cms\/wp-json\/wp\/v2\/users\/3"}],"replies":[{"embeddable":true,"href":"https:\/\/www.bockgmbh.de\/cms\/wp-json\/wp\/v2\/comments?post=164"}],"version-history":[{"count":5,"href":"https:\/\/www.bockgmbh.de\/cms\/wp-json\/wp\/v2\/pages\/164\/revisions"}],"predecessor-version":[{"id":213,"href":"https:\/\/www.bockgmbh.de\/cms\/wp-json\/wp\/v2\/pages\/164\/revisions\/213"}],"wp:attachment":[{"href":"https:\/\/www.bockgmbh.de\/cms\/wp-json\/wp\/v2\/media?parent=164"}],"curies":[{"name":"wp","href":"https:\/\/api.w.org\/{rel}","templated":true}]}}